{"id":1230,"date":"2026-04-23T05:08:11","date_gmt":"2026-04-23T05:08:11","guid":{"rendered":"http:\/\/web2.pssr.sk\/?page_id=1230"},"modified":"2026-04-23T05:09:12","modified_gmt":"2026-04-23T05:09:12","slug":"protikorupcny-program","status":"publish","type":"page","link":"http:\/\/web2.pssr.sk\/index.php\/sk\/protikorupcny-program\/","title":{"rendered":"Protikorup\u010dn\u00fd program"},"content":{"rendered":"\n<h2 class=\"wp-block-heading\"><strong>Protikorup\u010dn\u00e1 politika a protikorup\u010dn\u00fd program<\/strong><\/h2>\n\n\n\n<p>Plemen\u00e1rske slu\u017eby Slovenskej republiky, \u0161t\u00e1tny podnik ako organiz\u00e1cia v p\u00f4sobnosti <strong>Ministerstva p\u00f4dohospod\u00e1rstva a rozvoja vidieka SR<\/strong>, sa plne stoto\u017e\u0148uje s cie\u013emi Rezortn\u00e9ho protikorup\u010dn\u00e9ho programu MPRV SR.<\/p>\n\n\n\n<p>\u0160t\u00e1tny podnik uplat\u0148uje politiku nulovej tolerancie vo\u010di akejko\u013evek forme korup\u010dn\u00e9ho spr\u00e1vania a protispolo\u010denskej \u010dinnosti.<\/p>\n\n\n\n<p>Pr\u00edstup podniku vych\u00e1dza z <a href=\"https:\/\/www.mpsr.sk\/protikorupcna-politika-a-nahlasovanie-korupcie\/407\">Protikorup\u010dnej politiky SR<\/a> a je zameran\u00fd na transparentn\u00e9 nakladanie s\u00a0verejn\u00fdmi prostriedkami a \u0161t\u00e1tnym majetkom. Ak m\u00e1te podozrenie na korup\u010dn\u00e9 spr\u00e1vanie v na\u0161om podniku, m\u00f4\u017eete poda\u0165 ozn\u00e1menie prostredn\u00edctvom elektronickej po\u0161ty na adresu: <a href=\"mailto:korupcia@pssr.sk\">korupcia@pssr.sk<\/a><\/p>\n\n\n\n<p>Pre kompletn\u00e9 inform\u00e1cie si m\u00f4\u017eete stiahnu\u0165 k\u013e\u00fa\u010dov\u00e9 dokumenty:<\/p>\n\n\n\n<ul class=\"wp-block-list\">\n<li><a href=\"http:\/\/pssr.sk\/wp-content\/uploads\/docs\/protikorupcny_program_mprv_sr.pdf\">Protikorup\u010dn\u00fd program Ministerstva p\u00f4dohospod\u00e1rstva a rozvoja vidieka Slovenskej republiky, organiz\u00e1ci\u00ed v jeho zakladate\u013eskej p\u00f4sobnosti a preddavkovej organiz\u00e1ci\u00ed v\u00a0p\u00f4sobnosti ministerstva<\/a><\/li>\n\n\n\n<li><a href=\"https:\/\/www.mpsr.sk\/protikorupcna-politika-a-nahlasovanie-korupcie\/407\">Protikorup\u010dn\u00e1 politika a nahlasovanie korupcie<\/a><\/li>\n<\/ul>\n\n\n\n<p><\/p>\n\n\n\n<p><\/p>\n\n\n\n<p><\/p>\n\n\n\n<p><\/p>\n","protected":false},"excerpt":{"rendered":"<p>Protikorup\u010dn\u00e1 politika a protikorup\u010dn\u00fd program Plemen\u00e1rske slu\u017eby Slovenskej republiky, \u0161t\u00e1tny podnik ako organiz\u00e1cia v p\u00f4sobnosti Ministerstva p\u00f4dohospod\u00e1rstva a rozvoja vidieka SR, sa plne stoto\u017e\u0148uje s cie\u013emi Rezortn\u00e9ho protikorup\u010dn\u00e9ho programu MPRV SR. \u0160t\u00e1tny podnik uplat\u0148uje politiku nulovej tolerancie vo\u010di akejko\u013evek forme korup\u010dn\u00e9ho spr\u00e1vania a protispolo\u010denskej \u010dinnosti. Pr\u00edstup podniku vych\u00e1dza z Protikorup\u010dnej politiky SR a je zameran\u00fd&#8230;<\/p>\n","protected":false},"author":1,"featured_media":0,"parent":0,"menu_order":0,"comment_status":"closed","ping_status":"closed","template":"","meta":{"footnotes":""},"class_list":["post-1230","page","type-page","status-publish","hentry"],"_links":{"self":[{"href":"http:\/\/web2.pssr.sk\/index.php\/wp-json\/wp\/v2\/pages\/1230","targetHints":{"allow":["GET"]}}],"collection":[{"href":"http:\/\/web2.pssr.sk\/index.php\/wp-json\/wp\/v2\/pages"}],"about":[{"href":"http:\/\/web2.pssr.sk\/index.php\/wp-json\/wp\/v2\/types\/page"}],"author":[{"embeddable":true,"href":"http:\/\/web2.pssr.sk\/index.php\/wp-json\/wp\/v2\/users\/1"}],"replies":[{"embeddable":true,"href":"http:\/\/web2.pssr.sk\/index.php\/wp-json\/wp\/v2\/comments?post=1230"}],"version-history":[{"count":2,"href":"http:\/\/web2.pssr.sk\/index.php\/wp-json\/wp\/v2\/pages\/1230\/revisions"}],"predecessor-version":[{"id":1232,"href":"http:\/\/web2.pssr.sk\/index.php\/wp-json\/wp\/v2\/pages\/1230\/revisions\/1232"}],"wp:attachment":[{"href":"http:\/\/web2.pssr.sk\/index.php\/wp-json\/wp\/v2\/media?parent=1230"}],"curies":[{"name":"wp","href":"https:\/\/api.w.org\/{rel}","templated":true}]}}