{"id":941,"date":"2026-03-23T07:21:01","date_gmt":"2026-03-23T07:21:01","guid":{"rendered":"http:\/\/web2.pssr.sk\/?page_id=941"},"modified":"2026-03-23T07:25:29","modified_gmt":"2026-03-23T07:25:29","slug":"directorate","status":"publish","type":"page","link":"http:\/\/web2.pssr.sk\/index.php\/en\/directorate\/","title":{"rendered":"Directorate"},"content":{"rendered":"\n<div class=\"wp-block-columns is-layout-flex wp-container-core-columns-is-layout-9d6595d7 wp-block-columns-is-layout-flex\">\n<div class=\"wp-block-column is-layout-flow wp-block-column-is-layout-flow\" style=\"flex-basis:33.33%\">\n<h3 class=\"wp-block-heading\">The Breeding Services of the Slovak Republic, s.e.<\/h3>\n\n\n\n<p>Staroh\u00e1jska 29<br>852 27 Bratislava<br>02\/ 62319 911<br>ID: 36 856 096<br>website: <a href=\"https:\/\/www.pssr.sk\">https:\/\/www.pssr.sk<\/a><br>company map: <a href=\"https:\/\/maps.app.goo.gl\/VeaifyQiSj9CvAby9\">map<\/a><br>e-mail: <a href=\"mailto:pssrba@pssr.sk\">pssrba@pssr.sk<\/a><\/p>\n\n\n\n<p><\/p>\n<\/div>\n\n\n\n<div class=\"wp-block-column is-layout-flow wp-block-column-is-layout-flow\" style=\"flex-basis:66.66%\"><\/div>\n<\/div>\n\n\n\n\t<hr class=\"idsk-hr-separator govuk-!-margin-bottom-6\" \/>\n\n\t\n\n\n<p>Disclosure of information pursuant to Act No. 211\/2000 Coll. on Free Access to Information and on amendments to certain acts (Freedom of Information Act), as amended:<\/p>\n\n\n\n<p>Information can be obtained via email: <a href=\"mailto:infoziadost@pssr.sk\">infoziadost@pssr.sk<\/a><\/p>\n\n\n\n<hr class=\"wp-block-separator has-alpha-channel-opacity\"\/>\n\n\n\n\t<details class=\"govuk-details\" data-module=\"govuk-details\">\n\t\t<summary class=\"govuk-details__summary\">\n\t\t\t<span class=\"govuk-details__summary-text\">\n\t\t\t\tIng. P\u00e9ter G\u00f6r\u00f6zdi \u2013 Director\t\t\t<\/span>\n\t\t<\/summary>\n\t\t<div class=\"govuk-details__text\">\n\t\t\tStaroh\u00e1jska 29<br>852 27 Bratislava<br><a href=\"tel:+421905444607\">+421 905 444 607<\/a><br><a href=\"mailto:petergorozdi@pssr.sk\">petergorozdi@pssr.sk<\/a>\t\t<\/div>\n\t<\/details>\n\n\t\n\n\n\t<details class=\"govuk-details\" data-module=\"govuk-details\">\n\t\t<summary class=\"govuk-details__summary\">\n\t\t\t<span class=\"govuk-details__summary-text\">\n\t\t\t\tIng. Marta Dianov\u00e1 \u2013 Head of Animal Breeding Biology, Deputy Director\t\t\t<\/span>\n\t\t<\/summary>\n\t\t<div class=\"govuk-details__text\">\n\t\t\t<strong>Animal Breeding Biology<br>Animal Breeding Biology Management Unit<\/strong><br>Staroh\u00e1jska 29<br>852 27 Bratislava<br><br><a href=\"tel:+421262319206\">+421 2 623 19 206<\/a> \/ext. 210<br><a href=\"tel:+421908719115\">+421 908 719 115<\/a><br><a href=\"mailto:martadianova@pssr.sk\">martadianova@pssr.sk<\/a>\t\t<\/div>\n\t<\/details>\n\n\t\n\n\n\t<details class=\"govuk-details\" data-module=\"govuk-details\">\n\t\t<summary class=\"govuk-details__summary\">\n\t\t\t<span class=\"govuk-details__summary-text\">\n\t\t\t\tMgr. Andrea Petru\u0161kov\u00e1 \u2013 Director&#8217;s Assistant\t\t\t<\/span>\n\t\t<\/summary>\n\t\t<div class=\"govuk-details__text\">\n\t\t\t<strong>Director&#8217;s Division<\/strong><br>Staroh\u00e1jska 29<br>852 27 Bratislava<br><a href=\"tel:+421262319911\">+421 2 623 19 911<\/a> \/ext. 201<br><a href=\"tel:+421905444606\">+421 905 444 606<\/a><br><a href=\"mailto:pssrba@pssr.sk\">pssrba@pssr.sk<\/a>\t\t<\/div>\n\t<\/details>\n\n\t\n\n\n\t<details class=\"govuk-details\" data-module=\"govuk-details\">\n\t\t<summary class=\"govuk-details__summary\">\n\t\t\t<span class=\"govuk-details__summary-text\">\n\t\t\t\tMgr. Miroslava Kosibov\u00e1 \u2013 Legal Advisor\t\t\t<\/span>\n\t\t<\/summary>\n\t\t<div class=\"govuk-details__text\">\n\t\t\t<strong>Legal Services<\/strong><br>Staroh\u00e1jska 29<br>852 27 Bratislava<br><a href=\"tel:+421262319320\">+421 2 623 19 320<\/a> \/ext. 250<br><a href=\"tel:+421917117833\">+421 917 117 833<\/a><br><a href=\"mailto:miroslavakosibova@pssr.sk\">miroslavakosibova@pssr.sk<\/a>\t\t<\/div>\n\t<\/details>\n\n\t\n\n\n\t<details class=\"govuk-details\" data-module=\"govuk-details\">\n\t\t<summary class=\"govuk-details__summary\">\n\t\t\t<span class=\"govuk-details__summary-text\">\n\t\t\t\tIng. Em\u00edlia Vidli\u010dkov\u00e1 \u2013 Head of Economic Department\t\t\t<\/span>\n\t\t<\/summary>\n\t\t<div class=\"govuk-details__text\">\n\t\t\t<strong>Economic Department<\/strong><br>Staroh\u00e1jska 29<br>852 27 Bratislava<br><a href=\"tel:+421262311131\">+421 2 623 11 131<\/a> \/ext. 254<br><a href=\"mailto:emiliavidlickova@pssr.sk\">emiliavidlickova@pssr.sk<\/a>\t\t<\/div>\n\t<\/details>\n\n\t\n\n\n\t<details class=\"govuk-details\" data-module=\"govuk-details\">\n\t\t<summary class=\"govuk-details__summary\">\n\t\t\t<span class=\"govuk-details__summary-text\">\n\t\t\t\tZuzana Rippov\u00e1 \u2013 Registry and Mail Room Officer\t\t\t<\/span>\n\t\t<\/summary>\n\t\t<div class=\"govuk-details__text\">\n\t\t\t<strong>Registry and Mail Room Unit<\/strong><br>Staroh\u00e1jska 29<br>852 27 Bratislava<br><a href=\"tel:+421262319886\">+421 2 623 19 886<\/a> \/ext. 205<br><a href=\"tel:+421915852014\">+421 915 852 014<\/a><br><a href=\"mailto:zuzanarippova@pssr.sk\">zuzanarippova@pssr.sk<\/a>\t\t<\/div>\n\t<\/details>\n\n\t\n\n\n\t<details class=\"govuk-details\" data-module=\"govuk-details\">\n\t\t<summary class=\"govuk-details__summary\">\n\t\t\t<span class=\"govuk-details__summary-text\">\n\t\t\t\tIng. Tatiana \u0160imekov\u00e1 \u2013 HR Specialist\t\t\t<\/span>\n\t\t<\/summary>\n\t\t<div class=\"govuk-details__text\">\n\t\t\t<strong>Human Resources<\/strong><br>Staroh\u00e1jska 29<br>852 27 Bratislava<br><a href=\"tel:+421262319884\">+421 2 623 19 884<\/a> \/ext. 204<br><a href=\"tel:+421905710596\">+421 905 710 596<\/a><br><a href=\"mailto:tatianasimekova@pssr.sk\">tatianasimekova@pssr.sk<\/a>\t\t<\/div>\n\t<\/details>\n\n\t\n\n\n\t<details class=\"govuk-details\" data-module=\"govuk-details\">\n\t\t<summary class=\"govuk-details__summary\">\n\t\t\t<span class=\"govuk-details__summary-text\">\n\t\t\t\tAnna Bedn\u00e1rikov\u00e1 \u2013 Payroll and HR Officer\t\t\t<\/span>\n\t\t<\/summary>\n\t\t<div class=\"govuk-details__text\">\n\t\t\t<strong>Finance, Accounting and Payroll Unit<\/strong><br>Staroh\u00e1jska 29<br>852 27 Bratislava<br><a href=\"tel:+421262243983\">+421 2 622 43 983<\/a> \/ext. 202<br><a href=\"mailto:annabednarikova@pssr.sk\">annabednarikova@pssr.sk<\/a>\t\t<\/div>\n\t<\/details>\n\n\t\n\n\n\t<details class=\"govuk-details\" data-module=\"govuk-details\">\n\t\t<summary class=\"govuk-details__summary\">\n\t\t\t<span class=\"govuk-details__summary-text\">\n\t\t\t\tIng. Tibor Kiac \u2013 Head of Administrative Services and Transport\t\t\t<\/span>\n\t\t<\/summary>\n\t\t<div class=\"govuk-details__text\">\n\t\t\t<strong>Economic Department<\/strong><br><strong>Administrative Services and Transport Unit<\/strong><br>Staroh\u00e1jska 29<br>852 27 Bratislava<br><a href=\"tel:+421262319209\">+421 2 623 19 209<\/a> \/ext. 253<br><a href=\"tel:+421915851579\">+421 915 851 579<\/a><br><a href=\"mailto:tiborkiac@pssr.sk\">tiborkiac@pssr.sk<\/a>\t\t<\/div>\n\t<\/details>\n\n\t\n\n\n\t<details class=\"govuk-details\" data-module=\"govuk-details\">\n\t\t<summary class=\"govuk-details__summary\">\n\t\t\t<span class=\"govuk-details__summary-text\">\n\t\t\t\tIng. Milan Hrn\u010diar \u2013 Inspector for Performance Testing of Farm Animals\t\t\t<\/span>\n\t\t<\/summary>\n\t\t<div class=\"govuk-details__text\">\n\t\t\t<strong>Animal Breeding Biology<\/strong><br>Staroh\u00e1jska 29<br>852 27 Bratislava<br><a href=\"tel:+421917190879\">+421 917 190 879<\/a><br><a href=\"mailto:milanhrnciar@pssr.sk\">milanhrnciar@pssr.sk<\/a>\t\t<\/div>\n\t<\/details>\n\n\t\n\n\n\t<details class=\"govuk-details\" data-module=\"govuk-details\">\n\t\t<summary class=\"govuk-details__summary\">\n\t\t\t<span class=\"govuk-details__summary-text\">\n\t\t\t\tIng. Kamil \u0160ulko \u2013 Zootechnician for Performance Testing of Farm Animals, Petitions and Complaints Inspector\t\t\t<\/span>\n\t\t<\/summary>\n\t\t<div class=\"govuk-details__text\">\n\t\t\t<strong>Animal Breeding Biology<\/strong><br>Staroh\u00e1jska 29<br>852 27 Bratislava<br><a href=\"tel:+421915851611\">+421 915 851 611<\/a><br><a href=\"mailto:kamilsulko@pssr.sk\">kamilsulko@pssr.sk<\/a>\t\t<\/div>\n\t<\/details>\n\n\t\n\n\n\t<details class=\"govuk-details\" data-module=\"govuk-details\">\n\t\t<summary class=\"govuk-details__summary\">\n\t\t\t<span class=\"govuk-details__summary-text\">\n\t\t\t\tIng. Peter P\u00fa\u0161 \u2013 Administrative Services and Transport Officer\t\t\t<\/span>\n\t\t<\/summary>\n\t\t<div class=\"govuk-details__text\">\n\t\t\t<strong>Economic Department<br>Administrative Services and Transport Unit<\/strong><br>Staroh\u00e1jska 29<br>852 27 Bratislava<br><a href=\"tel:+421262319520\">+421 2 623 19 520<\/a> \/ext. 270<br><a href=\"tel:+421905700946\">+421 905 700 946<\/a><br><a href=\"mailto:peterpus@pssr.sk\">peterpus@pssr.sk<\/a>\t\t<\/div>\n\t<\/details>\n\n\t\n\n\n\t<details class=\"govuk-details\" data-module=\"govuk-details\">\n\t\t<summary class=\"govuk-details__summary\">\n\t\t\t<span class=\"govuk-details__summary-text\">\n\t\t\t\tAlexandra Bohu\u0161ov\u00e1 \u2013 Financial Accountant\t\t\t<\/span>\n\t\t<\/summary>\n\t\t<div class=\"govuk-details__text\">\n\t\t\t<strong>Economic Department<br>Finance, Accounting and Payroll Unit<\/strong><br>Staroh\u00e1jska 29<br>852 27 Bratislava<br><a href=\"tel:+421262319625\">+421 2 623 19 625<\/a> \/ext. 203<br><a href=\"mailto:alexandrabohusova@pssr.sk\">alexandrabohusova@pssr.sk<\/a>\t\t<\/div>\n\t<\/details>\n\n\t\n\n\n\t<details class=\"govuk-details\" data-module=\"govuk-details\">\n\t\t<summary class=\"govuk-details__summary\">\n\t\t\t<span class=\"govuk-details__summary-text\">\n\t\t\t\tAndrea Macov\u00e1 \u2013 General Accountant\t\t\t<\/span>\n\t\t<\/summary>\n\t\t<div class=\"govuk-details__text\">\n\t\t\t<strong>Economic Department<br>Finance, Accounting and Payroll Unit<\/strong><br>Staroh\u00e1jska 29<br>852 27 Bratislava<br><a href=\"tel:+421262319728\">+421 2 623 19 728<\/a> \/ext. 252<br><a href=\"mailto:andreamacova@pssr.sk\">andreamacova@pssr.sk<\/a>\t\t<\/div>\n\t<\/details>\n\n\t\n\n\n\t<details class=\"govuk-details\" data-module=\"govuk-details\">\n\t\t<summary class=\"govuk-details__summary\">\n\t\t\t<span class=\"govuk-details__summary-text\">\n\t\t\t\tMartina P\u00e1le\u0161ov\u00e1 \u2013 Administrative Services and Transport Officer\t\t\t<\/span>\n\t\t<\/summary>\n\t\t<div class=\"govuk-details__text\">\n\t\t\t<strong>Economic Department<\/strong><br><strong>Administrative Services and Transport Unit<\/strong><br>Staroh\u00e1jska 29<br>852 27 Bratislava<br><a href=\"tel:+421262240974\">+421 2 622 40 974<\/a> \/ext. 221<br><a href=\"tel:+421917201275\">+421 917 201 275<\/a><br><a href=\"mailto:martinapalesova@pssr.sk\">martinapalesova@pssr.sk<\/a><br><a href=\"mailto:hospodarskasprava@pssr.sk\">hospodarskasprava@pssr.sk<\/a>\t\t<\/div>\n\t<\/details>\n\n\t","protected":false},"excerpt":{"rendered":"<p>The Breeding Services of the Slovak Republic, s.e. Staroh\u00e1jska 29852 27 Bratislava02\/ 62319 911ID: 36 856 096website: https:\/\/www.pssr.skcompany map: mape-mail: pssrba@pssr.sk Disclosure of information pursuant to Act No. 211\/2000 Coll. on Free Access to Information and on amendments to certain acts (Freedom of Information Act), as amended: Information can be obtained via email: infoziadost@pssr.sk<\/p>\n","protected":false},"author":1,"featured_media":0,"parent":0,"menu_order":0,"comment_status":"closed","ping_status":"closed","template":"","meta":{"footnotes":""},"class_list":["post-941","page","type-page","status-publish","hentry"],"_links":{"self":[{"href":"http:\/\/web2.pssr.sk\/index.php\/wp-json\/wp\/v2\/pages\/941","targetHints":{"allow":["GET"]}}],"collection":[{"href":"http:\/\/web2.pssr.sk\/index.php\/wp-json\/wp\/v2\/pages"}],"about":[{"href":"http:\/\/web2.pssr.sk\/index.php\/wp-json\/wp\/v2\/types\/page"}],"author":[{"embeddable":true,"href":"http:\/\/web2.pssr.sk\/index.php\/wp-json\/wp\/v2\/users\/1"}],"replies":[{"embeddable":true,"href":"http:\/\/web2.pssr.sk\/index.php\/wp-json\/wp\/v2\/comments?post=941"}],"version-history":[{"count":2,"href":"http:\/\/web2.pssr.sk\/index.php\/wp-json\/wp\/v2\/pages\/941\/revisions"}],"predecessor-version":[{"id":943,"href":"http:\/\/web2.pssr.sk\/index.php\/wp-json\/wp\/v2\/pages\/941\/revisions\/943"}],"wp:attachment":[{"href":"http:\/\/web2.pssr.sk\/index.php\/wp-json\/wp\/v2\/media?parent=941"}],"curies":[{"name":"wp","href":"https:\/\/api.w.org\/{rel}","templated":true}]}}