{"id":821,"date":"2026-03-14T08:07:26","date_gmt":"2026-03-14T08:07:26","guid":{"rendered":"http:\/\/web2.pssr.sk\/?page_id=821"},"modified":"2026-04-15T12:42:19","modified_gmt":"2026-04-15T12:42:19","slug":"geneticke-hodnotenie","status":"publish","type":"page","link":"http:\/\/web2.pssr.sk\/index.php\/sk\/geneticke-hodnotenie\/","title":{"rendered":"Genetick\u00e9 hodnotenie"},"content":{"rendered":"\n<p>Genetick\u00e9 hodnotenie predstavuje d\u00f4le\u017eit\u00fd n\u00e1stroj v \u0161\u013eachtite\u013eskej pr\u00e1ci a selekcii hov\u00e4dzieho dobytka. V s\u00fa\u010dasnosti v\u00e4\u010d\u0161ina kraj\u00edn pou\u017e\u00edva pri odhade plemenn\u00fdch hodn\u00f4t pre znaky mliekovej \u00fa\u017eitkovosti Animal model ako \u0161tandardn\u00fa met\u00f3du genetick\u00e9ho hodnotenia. Na Slovensku vyu\u017e\u00edvame TEST DAY MODEL (TDM) ktor\u00fd predstavuje \u010fal\u0161\u00ed v\u00fdvojov\u00fd stupe\u0148 v odhade plemenn\u00fdch hodn\u00f4t pomocou animal modelov. Tento nov\u00fd pr\u00edstup k odhadu plemenn\u00fdch hodn\u00f4t vych\u00e1dza z jednotliv\u00fdch mesa\u010dn\u00fdch kontrol a nie z 305 d\u0148ov\u00fdch resp. normovan\u00fdch lakt\u00e1ci\u00ed. Od roku 2004 sme zahrnuli do v\u00fdpo\u010dtov plemenn\u00fdch hodn\u00f4t aj druh\u00e9 a tretie lakt\u00e1cie.<\/p>\n\n\n\n<div class=\"govuk-inset-text\">\n        <h2 class=\"govuk-heading-m\">V\u00fdsledky genetick\u00e9ho hodnotenia poskytuje Plemen\u00e1rsky informa\u010dn\u00fd syst\u00e9m &#8211; PLIS<\/h2>\n        <a href=\"https:\/\/www.plis.sk\" class=\"govuk-button\" target=\"_blank\" rel=\"noopener noreferrer\">Vst\u00fapi\u0165<\/a>\n      <\/div>\n","protected":false},"excerpt":{"rendered":"<p>Genetick\u00e9 hodnotenie predstavuje d\u00f4le\u017eit\u00fd n\u00e1stroj v \u0161\u013eachtite\u013eskej pr\u00e1ci a selekcii hov\u00e4dzieho dobytka. V s\u00fa\u010dasnosti v\u00e4\u010d\u0161ina kraj\u00edn pou\u017e\u00edva pri odhade plemenn\u00fdch hodn\u00f4t pre znaky mliekovej \u00fa\u017eitkovosti Animal model ako \u0161tandardn\u00fa met\u00f3du genetick\u00e9ho hodnotenia. Na Slovensku vyu\u017e\u00edvame TEST DAY MODEL (TDM) ktor\u00fd predstavuje \u010fal\u0161\u00ed v\u00fdvojov\u00fd stupe\u0148 v odhade plemenn\u00fdch hodn\u00f4t pomocou animal modelov. Tento nov\u00fd pr\u00edstup k&#8230;<\/p>\n","protected":false},"author":1,"featured_media":0,"parent":0,"menu_order":0,"comment_status":"closed","ping_status":"closed","template":"","meta":{"footnotes":""},"class_list":["post-821","page","type-page","status-publish","hentry"],"_links":{"self":[{"href":"http:\/\/web2.pssr.sk\/index.php\/wp-json\/wp\/v2\/pages\/821","targetHints":{"allow":["GET"]}}],"collection":[{"href":"http:\/\/web2.pssr.sk\/index.php\/wp-json\/wp\/v2\/pages"}],"about":[{"href":"http:\/\/web2.pssr.sk\/index.php\/wp-json\/wp\/v2\/types\/page"}],"author":[{"embeddable":true,"href":"http:\/\/web2.pssr.sk\/index.php\/wp-json\/wp\/v2\/users\/1"}],"replies":[{"embeddable":true,"href":"http:\/\/web2.pssr.sk\/index.php\/wp-json\/wp\/v2\/comments?post=821"}],"version-history":[{"count":4,"href":"http:\/\/web2.pssr.sk\/index.php\/wp-json\/wp\/v2\/pages\/821\/revisions"}],"predecessor-version":[{"id":1177,"href":"http:\/\/web2.pssr.sk\/index.php\/wp-json\/wp\/v2\/pages\/821\/revisions\/1177"}],"wp:attachment":[{"href":"http:\/\/web2.pssr.sk\/index.php\/wp-json\/wp\/v2\/media?parent=821"}],"curies":[{"name":"wp","href":"https:\/\/api.w.org\/{rel}","templated":true}]}}