{"id":44,"date":"2026-03-07T08:56:55","date_gmt":"2026-03-07T08:56:55","guid":{"rendered":"http:\/\/web2.pssr.sk\/?page_id=44"},"modified":"2026-04-15T12:42:20","modified_gmt":"2026-04-15T12:42:20","slug":"ovce","status":"publish","type":"page","link":"http:\/\/web2.pssr.sk\/index.php\/sk\/ovce\/","title":{"rendered":"Ovce"},"content":{"rendered":"\n<div class=\"wp-block-columns is-layout-flex wp-container-core-columns-is-layout-9d6595d7 wp-block-columns-is-layout-flex\">\n<div class=\"wp-block-column is-layout-flow wp-block-column-is-layout-flow\">\n<p>Kontrola \u00fa\u017eitkovosti oviec sa vykon\u00e1va v \u0161\u013eachtite\u013esk\u00fdch, rozmno\u017eovac\u00edch a \u00fa\u017eitkov\u00fdch chovoch za \u00fa\u010delom objekt\u00edvneho zis\u0165ovania a hodnotenia \u00fa\u017eitkov\u00fdch vlastnost\u00ed jednotliv\u00fdch oviec, st\u00e1d a chovov. \u00dadaje zisten\u00e9 kontrolou \u00fa\u017eitkovosti sa vyu\u017e\u00edvaj\u00fa pre odhad plemennej hodnoty zvierat, pre potrebu selekcie a spe\u0148a\u017eovania, pre z\u00e1pis do plemenn\u00fdch kn\u00edh a na hodnotenie \u00farovne chovu.<\/p>\n\n\n\n<h4 class=\"wp-block-heading\">Pri v\u00fdkone kontroly \u00fa\u017eitkovosti oviec I. stup\u0148a sa zis\u0165uje:<\/h4>\n\n\n\n<ul class=\"wp-block-list\">\n<li>vlastn\u00e1 \u00fa\u017eitkovos\u0165 (pr\u00edrastky)<\/li>\n\n\n\n<li>reproduk\u010dn\u00e9 ukazovatele (% oplodnenia, % plodnosti a % plodnosti na obahnen\u00fa bahnicu)<\/li>\n\n\n\n<li>pri kontrole mliekovej \u00fa\u017eitkovosti bahn\u00edc sa zis\u0165uje mno\u017estvo nadojen\u00e9ho mlieka za normovan\u00fa lakt\u00e1ciu v kg a obsah z\u00e1kladn\u00fdch mlie\u010dnych zlo\u017eiek (tuk, bielkovina a lakt\u00f3za)<\/li>\n<\/ul>\n\n\n\n<p><\/p>\n\n\n\n<p>Samotn\u00fd v\u00fdkon kontroly \u00fa\u017eitkovosti predstavuje v\u00e1\u017eenie jahniat pri naroden\u00ed a pri odstave, v\u00fdber jahniat na reprodukciu, ozna\u010dovanie a subjekt\u00edvne hodnotenie. Kontrola \u00fa\u017eitkovosti sa vykon\u00e1va aj v \u00fa\u017eitkov\u00fdch chovoch, je zameran\u00e1 na ozna\u010dovanie zvierat, evidenciu, sledovanie reproduk\u010dn\u00fdch vlastnost\u00ed a intenzitu rastu jahni\u010diek. Na \u017eiados\u0165 chovate\u013ea je mo\u017en\u00e9 vykon\u00e1va\u0165 aj kontrolu mliekovej \u00fa\u017eitkovosti.<\/p>\n\n\n\n<h4 class=\"wp-block-heading\">\u010co z\u00edskate kontrolou \u00fa\u017eitkovosti?<\/h4>\n\n\n\n<ul class=\"wp-block-list\">\n<li>kontrola \u00fa\u017eitkovosti I.stup\u0148a poskytuje chovate\u013eovi mo\u017enosti kvalifikovane sa rozhodova\u0165 a vykon\u00e1va\u0165 \u00fa\u010dinn\u00e9 opatrenia v st\u00e1de<\/li>\n\n\n\n<li>zv\u00fd\u0161enie plodnosti (cca 20%) st\u00e1da za rok pri sledovan\u00ed a selekcii jedincov z viacpo\u010detn\u00fdch vrhov u matiek a otcov a po matk\u00e1ch s vysokou mliekovou \u00fa\u017eitkovos\u0165ou<\/li>\n\n\n\n<li>r\u00fdchla n\u00e1vratnos\u0165 n\u00e1kladov vynalo\u017een\u00fdch na kontrolu \u00fa\u017eitkovosti<\/li>\n<\/ul>\n<\/div>\n<\/div>\n\n\n\n<div class=\"govuk-inset-text\">\n        <h2 class=\"govuk-heading-m\">V\u00fdsledky z kontroly \u00fa\u017eitkovosti, intenzity rastu a reproduk\u010dn\u00fdch ukazovate\u013eov poskytuje Plemen\u00e1rsky informa\u010dn\u00fd syst\u00e9m &#8211; PLIS<\/h2>\n        <a href=\"https:\/\/www.plis.sk\" class=\"govuk-button\" target=\"_blank\" rel=\"noopener noreferrer\">Vst\u00fapi\u0165<\/a>\n      <\/div>\n\n\n\n<h3 class=\"wp-block-heading\"><strong>Odborn\u00e9 publik\u00e1cie, ktor\u00e9 by V\u00e1s mohli zauj\u00edma\u0165<\/strong><\/h3>\n\n\n\n<p>Vydavate\u013estvo Slovenskej po\u013enohospod\u00e1rskej univerzity v Nitre vydalo publik\u00e1ciu s n\u00e1znom <strong>\u201eMastit\u00eddy v chove bahn\u00edc\u201c<\/strong> od autorov Tan\u010din Vladim\u00edr a Tvaro\u017ekov\u00e1 Krist\u00edna.<br>Bli\u017eie inform\u00e1cie k publik\u00e1cii z\u00edskate <a href=\"https:\/\/vydavatelstvo.uniag.sk\/vedecke-monografie\/9590-mastitidy-v-chove-bahnic-9788055222561.html\">TU<\/a><\/p>\n\n\n\n<p>Publik\u00e1cia s n\u00e1zvom <strong>\u201eFyziologick\u00e9 a morfologick\u00e9 aspekty z\u00edskavania mlieka bahn\u00edc\u201c<\/strong><br>Bli\u017eie inform\u00e1cie k publik\u00e1cii z\u00edskate <a href=\"https:\/\/vydavatelstvo.uniag.sk\/vedecke-monografie\/9695-fyziologicke-a-morfologicke-aspekty-ziskavania-mlieka-bahnic-9788055223834.html\">TU<\/a><\/p>\n\n\n\n<hr class=\"wp-block-separator has-alpha-channel-opacity\"\/>\n\n\n\n<div class=\"wp-block-columns is-layout-flex wp-container-core-columns-is-layout-9d6595d7 wp-block-columns-is-layout-flex\">\n<div class=\"wp-block-column is-layout-flow wp-block-column-is-layout-flow\">\n<p><a href=\"https:\/\/pssr.sk\/index.php\/sk\/publikacna-cinnost\/\" target=\"_blank\" rel=\"noreferrer noopener\">Publikovan\u00e9 v\u00fdsledky K\u00da oviec<\/a><br><a href=\"https:\/\/pssr.sk\/index.php\/sk\/ku-ov-icar\/\">ICAR \u2013 medzin\u00e1rodn\u00e1 organiz\u00e1cia pre kontrolu \u00fa\u017eitkovosti<\/a><br><a href=\"https:\/\/pssr.sk\/index.php\/sk\/ku-ov-kmu\/\">Kontrola mliekovej \u00fa\u017eitkovosti<\/a><br><a href=\"https:\/\/pssr.sk\/index.php\/sk\/geneticke-hodnotenie-oviec\/\">Genetick\u00e9 hodnotenie<\/a><br><a href=\"https:\/\/pssr.sk\/wp-content\/uploads\/ku\/subory\/ov\/over_povod_ov.pdf\">Overovanie p\u00f4vodu<\/a><br><a href=\"http:\/\/pssr.sk\/wp-content\/uploads\/ku\/subory\/ov\/bonKlucOV.pdf\">Bonita\u010dn\u00fd k\u013e\u00fa\u010d<\/a><br><a href=\"https:\/\/pssr.sk\/index.php\/sk\/nakupne-trhy\/\">N\u00e1kupn\u00e9 trhy<\/a><br><a href=\"https:\/\/pssr.sk\/wp-content\/uploads\/ku\/subory\/ov\/psb_mlieko.pdf\">Sledovanie po\u010dtu somatick\u00fdch buniek v mlieku bahn\u00edc<\/a><br><a href=\"https:\/\/pssr.sk\/wp-content\/uploads\/ku\/subory\/ov\/Zasady_ASD_ovce_kozy.pdf\" target=\"_blank\" rel=\"noreferrer noopener\">Z\u00e1sady automatizovan\u00e9ho spracovania d\u00e1t oviec a k\u00f4z<\/a><br><\/p>\n<\/div>\n\n\n\n<div class=\"wp-block-column is-layout-flow wp-block-column-is-layout-flow\">\n<p><a href=\"https:\/\/pssr.sk\/index.php\/sk\/softver-pre-chovatela\/\">Program K\u00da pre chovate\u013ea<\/a><br><a href=\"https:\/\/pssr.sk\/index.php\/sk\/tlaciva-kontroly-uzitkovosti\/\">Tla\u010div\u00e1 K\u00da<\/a><br><a href=\"https:\/\/pssr.sk\/index.php\/sk\/tlaciva-kontroly-uzitkovosti\">\u017diadosti o pr\u00edstup k d\u00e1tam K\u00da<\/a><\/p>\n<\/div>\n<\/div>\n","protected":false},"excerpt":{"rendered":"<p>Kontrola \u00fa\u017eitkovosti oviec sa vykon\u00e1va v \u0161\u013eachtite\u013esk\u00fdch, rozmno\u017eovac\u00edch a \u00fa\u017eitkov\u00fdch chovoch za \u00fa\u010delom objekt\u00edvneho zis\u0165ovania a hodnotenia \u00fa\u017eitkov\u00fdch vlastnost\u00ed jednotliv\u00fdch oviec, st\u00e1d a chovov. \u00dadaje zisten\u00e9 kontrolou \u00fa\u017eitkovosti sa vyu\u017e\u00edvaj\u00fa pre odhad plemennej hodnoty zvierat, pre potrebu selekcie a spe\u0148a\u017eovania, pre z\u00e1pis do plemenn\u00fdch kn\u00edh a na hodnotenie \u00farovne chovu. Pri v\u00fdkone kontroly \u00fa\u017eitkovosti oviec&#8230;<\/p>\n","protected":false},"author":1,"featured_media":0,"parent":0,"menu_order":0,"comment_status":"closed","ping_status":"closed","template":"","meta":{"footnotes":""},"class_list":["post-44","page","type-page","status-publish","hentry"],"_links":{"self":[{"href":"http:\/\/web2.pssr.sk\/index.php\/wp-json\/wp\/v2\/pages\/44","targetHints":{"allow":["GET"]}}],"collection":[{"href":"http:\/\/web2.pssr.sk\/index.php\/wp-json\/wp\/v2\/pages"}],"about":[{"href":"http:\/\/web2.pssr.sk\/index.php\/wp-json\/wp\/v2\/types\/page"}],"author":[{"embeddable":true,"href":"http:\/\/web2.pssr.sk\/index.php\/wp-json\/wp\/v2\/users\/1"}],"replies":[{"embeddable":true,"href":"http:\/\/web2.pssr.sk\/index.php\/wp-json\/wp\/v2\/comments?post=44"}],"version-history":[{"count":30,"href":"http:\/\/web2.pssr.sk\/index.php\/wp-json\/wp\/v2\/pages\/44\/revisions"}],"predecessor-version":[{"id":1179,"href":"http:\/\/web2.pssr.sk\/index.php\/wp-json\/wp\/v2\/pages\/44\/revisions\/1179"}],"wp:attachment":[{"href":"http:\/\/web2.pssr.sk\/index.php\/wp-json\/wp\/v2\/media?parent=44"}],"curies":[{"name":"wp","href":"https:\/\/api.w.org\/{rel}","templated":true}]}}