{"id":381,"date":"2026-03-10T08:38:57","date_gmt":"2026-03-10T08:38:57","guid":{"rendered":"http:\/\/web2.pssr.sk\/?page_id=381"},"modified":"2026-03-10T08:38:58","modified_gmt":"2026-03-10T08:38:58","slug":"softver-pre-chovatela","status":"publish","type":"page","link":"http:\/\/web2.pssr.sk\/index.php\/sk\/softver-pre-chovatela\/","title":{"rendered":"Softv\u00e9r pre chovate\u013ea"},"content":{"rendered":"\n\t<div class=\"govuk-accordion\" data-module=\"idsk-accordion\" id=\"uPmIWLM0OF2YQY1DxNqbl\">\n\t\t<div class=\"govuk-accordion__controls\">\n\t\t\t<button class=\"govuk-accordion__open-all\"\n\t\t\t\tdata-open-title=\"Open all\"\n\t\t\t\tdata-close-title=\"Close all\"\n\t\t\t\ttype=\"button\"\n\t\t\t\taria-expanded=\"false\"\n\t\t\t>\n\t\t\t\t<span class=\"govuk-visually-hidden govuk-accordion__controls-span\" data-section-title=\"sections\"><\/span>\n\t\t\t<\/button>\n\t\t<\/div>\n\n\t\t\t\t\t<div class=\"govuk-accordion__section \">\n\t\t\t\t<div class=\"govuk-accordion__section-header\">\n\t\t\t\t\t<h2 class=\"govuk-accordion__section-heading\">\n\t\t\t\t\t\t<span class=\"govuk-accordion__section-button\" id=\"uPmIWLM0OF2YQY1DxNqbl-heading-1\">\n\t\t\t\t\t\t\tNajnov\u0161ie verzie programov na stiahnutie\t\t\t\t\t\t<\/span>\n\t\t\t\t\t<\/h2>\n\t\t\t\t\t<div class=\"govuk-accordion__section-summary govuk-body\" id=\"uPmIWLM0OF2YQY1DxNqbl-summary-1\">\n\t\t\t\t\t\t\t\t\t\t\t<\/div>\n\t\t\t\t<\/div>\n\t\t\t\t<div id=\"uPmIWLM0OF2YQY1DxNqbl-content-1\"\n\t\t\t\t\tclass=\"govuk-accordion__section-content\"\n\t\t\t\t\taria-labelledby=\"uPmIWLM0OF2YQY1DxNqbl-heading-1\"\n\t\t\t\t>\n\t\t\t\t\t<a href=\"https:\/\/www.pssr.sk\/stiah\/soft\/Winreg\/\">Novy Winreg \u2013 dostupn\u00e9 aktualiz\u00e1cie<\/a><br><a href=\"https:\/\/pssr.sk\/wp-content\/uploads\/stiah\/soft\/SetupWinregHD_1_52_upg.exe\">WinregHD \u2013 aktualiz\u00e1cia na verziu 1.52<\/a><br><a href=\"https:\/\/pssr.sk\/wp-content\/uploads\/stiah\/soft\/SetupWinregOV_1_5_upg.exe\">WinregOV \u2013 aktualiz\u00e1cia na verziu\u00a01.5<\/a><br><a href=\"https:\/\/pssr.sk\/wp-content\/uploads\/stiah\/soft\/SetupWinregKO_1_5_upg.exe\">WinregKO \u2013 aktualiz\u00e1cia\u00a0na verziu 1.5<\/a><br><a href=\"https:\/\/pssr.sk\/wp-content\/uploads\/stiah\/soft\/Farma.exe\">Prevodn\u00edk k\u00f3dov fariem medzi registra\u010dn\u00fdm \u010d\u00edslom farmy a registra\u010dn\u00fdm \u010d\u00edslom o\u0161\u00edpan\u00fdch<\/a><br>Online verzia registra o\u0161\u00edpan\u00fdch  <a href=\"https:\/\/online.winreg.sk\/\">Vst\u00fapi\u0165<\/a>\t\t\t\t<\/div>\n\t\t\t<\/div>\n\t\t\t\t<\/div>\n\n\t","protected":false},"excerpt":{"rendered":"","protected":false},"author":1,"featured_media":0,"parent":0,"menu_order":0,"comment_status":"closed","ping_status":"closed","template":"","meta":{"footnotes":""},"class_list":["post-381","page","type-page","status-publish","hentry"],"_links":{"self":[{"href":"http:\/\/web2.pssr.sk\/index.php\/wp-json\/wp\/v2\/pages\/381","targetHints":{"allow":["GET"]}}],"collection":[{"href":"http:\/\/web2.pssr.sk\/index.php\/wp-json\/wp\/v2\/pages"}],"about":[{"href":"http:\/\/web2.pssr.sk\/index.php\/wp-json\/wp\/v2\/types\/page"}],"author":[{"embeddable":true,"href":"http:\/\/web2.pssr.sk\/index.php\/wp-json\/wp\/v2\/users\/1"}],"replies":[{"embeddable":true,"href":"http:\/\/web2.pssr.sk\/index.php\/wp-json\/wp\/v2\/comments?post=381"}],"version-history":[{"count":1,"href":"http:\/\/web2.pssr.sk\/index.php\/wp-json\/wp\/v2\/pages\/381\/revisions"}],"predecessor-version":[{"id":382,"href":"http:\/\/web2.pssr.sk\/index.php\/wp-json\/wp\/v2\/pages\/381\/revisions\/382"}],"wp:attachment":[{"href":"http:\/\/web2.pssr.sk\/index.php\/wp-json\/wp\/v2\/media?parent=381"}],"curies":[{"name":"wp","href":"https:\/\/api.w.org\/{rel}","templated":true}]}}