{"id":379,"date":"2026-03-10T08:36:18","date_gmt":"2026-03-10T08:36:18","guid":{"rendered":"http:\/\/web2.pssr.sk\/?page_id=379"},"modified":"2026-03-10T08:36:18","modified_gmt":"2026-03-10T08:36:18","slug":"tlaciva-genetickeho-laboratoria","status":"publish","type":"page","link":"http:\/\/web2.pssr.sk\/index.php\/sk\/tlaciva-genetickeho-laboratoria\/","title":{"rendered":"Tla\u010div\u00e1 genetick\u00e9ho laborat\u00f3ria"},"content":{"rendered":"\n\t<div class=\"govuk-accordion\" data-module=\"idsk-accordion\" id=\"TMv7tyPeONiInLM1iMh58\">\n\t\t<div class=\"govuk-accordion__controls\">\n\t\t\t<button class=\"govuk-accordion__open-all\"\n\t\t\t\tdata-open-title=\"Open all\"\n\t\t\t\tdata-close-title=\"Close all\"\n\t\t\t\ttype=\"button\"\n\t\t\t\taria-expanded=\"false\"\n\t\t\t>\n\t\t\t\t<span class=\"govuk-visually-hidden govuk-accordion__controls-span\" data-section-title=\"sections\"><\/span>\n\t\t\t<\/button>\n\t\t<\/div>\n\n\t\t\t\t\t<div class=\"govuk-accordion__section \">\n\t\t\t\t<div class=\"govuk-accordion__section-header\">\n\t\t\t\t\t<h2 class=\"govuk-accordion__section-heading\">\n\t\t\t\t\t\t<span class=\"govuk-accordion__section-button\" id=\"TMv7tyPeONiInLM1iMh58-heading-1\">\n\t\t\t\t\t\t\tSprievodn\u00e9 tla\u010div\u00e1 genetick\u00e9ho laborat\u00f3ria\t\t\t\t\t\t<\/span>\n\t\t\t\t\t<\/h2>\n\t\t\t\t\t<div class=\"govuk-accordion__section-summary govuk-body\" id=\"TMv7tyPeONiInLM1iMh58-summary-1\">\n\t\t\t\t\t\t\t\t\t\t\t<\/div>\n\t\t\t\t<\/div>\n\t\t\t\t<div id=\"TMv7tyPeONiInLM1iMh58-content-1\"\n\t\t\t\t\tclass=\"govuk-accordion__section-content\"\n\t\t\t\t\taria-labelledby=\"TMv7tyPeONiInLM1iMh58-heading-1\"\n\t\t\t\t>\n\t\t\t\t\t<a href=\"https:\/\/pssr.sk\/wp-content\/uploads\/stiah\/lg\/cites.pdf\" target=\"_blank\" rel=\"noreferrer noopener\">Sprievodn\u00e9 tla\u010divo pre overenie p\u00f4vodu \u017eivo\u010d\u00edcha \u2013 PDF<br><\/a><a href=\"https:\/\/pssr.sk\/wp-content\/uploads\/stiah\/lg\/cites.doc\" target=\"_blank\" rel=\"noreferrer noopener\">Sprievodn\u00e9 tla\u010divo pre overenie p\u00f4vodu \u017eivo\u010d\u00edcha \u2013 DOC<\/a><br><a href=\"https:\/\/pssr.sk\/wp-content\/uploads\/stiah\/lg\/kone.pdf\" target=\"_blank\" rel=\"noreferrer noopener\">Sprievodn\u00e9 tla\u010divo pre overenie p\u00f4vodu kon\u00ed \u2013 PDF<\/a><br><a href=\"https:\/\/pssr.sk\/wp-content\/uploads\/stiah\/lg\/kone.doc\" target=\"_blank\" rel=\"noreferrer noopener\">Sprievodn\u00e9 tla\u010divo pre overenie p\u00f4vodu kon\u00ed \u2013 DOC<\/a><br><a href=\"https:\/\/pssr.sk\/wp-content\/uploads\/stiah\/lg\/hd.pdf\" target=\"_blank\" rel=\"noreferrer noopener\">Sprievodn\u00e9 tla\u010divo pre overenie p\u00f4vodu dobytka \u2013 PDF<\/a><br><a href=\"https:\/\/pssr.sk\/wp-content\/uploads\/stiah\/lg\/hd.doc\" target=\"_blank\" rel=\"noreferrer noopener\">Sprievodn\u00e9 tla\u010divo pre overenie p\u00f4vodu dobytka \u2013 DOC<\/a><br><a href=\"https:\/\/pssr.sk\/wp-content\/uploads\/stiah\/lg\/osip.pdf\" target=\"_blank\" rel=\"noreferrer noopener\">Sprievodn\u00e9 tla\u010divo pre overenie p\u00f4vodu o\u0161\u00edpan\u00fdch \u2013 PDF<\/a><br><a href=\"https:\/\/pssr.sk\/wp-content\/uploads\/stiah\/lg\/osip.doc\" target=\"_blank\" rel=\"noreferrer noopener\">Sprievodn\u00e9 tla\u010divo pre overenie p\u00f4vodu o\u0161\u00edpan\u00fdch \u2013 DOC<\/a><br><a href=\"https:\/\/pssr.sk\/wp-content\/uploads\/stiah\/lg\/ovce.pdf\" target=\"_blank\" rel=\"noreferrer noopener\">Sprievodn\u00e9 tla\u010divo pre overenie p\u00f4vodu oviec \u2013 PDF<br><\/a><a href=\"https:\/\/pssr.sk\/wp-content\/uploads\/stiah\/lg\/ovce.doc\" target=\"_blank\" rel=\"noreferrer noopener\">Sprievodn\u00e9 tla\u010divo pre overenie p\u00f4vodu oviec \u2013 DOC<\/a> <a href=\"https:\/\/pssr.sk\/wp-content\/uploads\/stiah\/lg\/ovce.pdf\" target=\"_blank\" rel=\"noreferrer noopener\"><\/a><br><a href=\"https:\/\/pssr.sk\/wp-content\/uploads\/stiah\/lg\/kozy.pdf\" target=\"_blank\" rel=\"noreferrer noopener\">Sprievodn\u00e9 tla\u010divo pre overenie p\u00f4vodu k\u00f4z \u2013 PDF<br><\/a><a href=\"https:\/\/pssr.sk\/wp-content\/uploads\/stiah\/lg\/kozy.doc\" target=\"_blank\" rel=\"noreferrer noopener\">Sprievodn\u00e9 tla\u010divo pre overenie p\u00f4vodu k\u00f4z \u2013 DOC<\/a><a href=\"https:\/\/pssr.sk\/wp-content\/uploads\/stiah\/lg\/kozy.pdf\" target=\"_blank\" rel=\"noreferrer noopener\"><\/a><br><a href=\"https:\/\/pssr.sk\/wp-content\/uploads\/stiah\/lg\/pes.pdf\" target=\"_blank\" rel=\"noreferrer noopener\">Sprievodn\u00e9 tla\u010divo pre overenie p\u00f4vodu psov \u2013 PDF<br><\/a><a href=\"https:\/\/pssr.sk\/wp-content\/uploads\/stiah\/lg\/pes.doc\" target=\"_blank\" rel=\"noreferrer noopener\">Sprievodn\u00e9 tla\u010divo pre overenie p\u00f4vodu psov \u2013 DOC<\/a><br><a href=\"https:\/\/pssr.sk\/wp-content\/uploads\/stiah\/lg\/bezce.pdf\" target=\"_blank\" rel=\"noreferrer noopener\">Sprievodn\u00e9 tla\u010divo pre overenie pohlavia be\u017ecov \u2013 PDF<br><\/a><a href=\"https:\/\/pssr.sk\/wp-content\/uploads\/stiah\/lg\/bezce.doc\" target=\"_blank\" rel=\"noreferrer noopener\">Sprievodn\u00e9 tla\u010divo pre overenie pohlavia be\u017ecov \u2013 DOC<\/a><br><a href=\"https:\/\/pssr.sk\/wp-content\/uploads\/stiah\/lg\/emu.pdf\" target=\"_blank\" rel=\"noreferrer noopener\">Sprievodn\u00e9 tla\u010divo pre overenie pohlavia emu \u2013 PDF<br><\/a><a href=\"https:\/\/pssr.sk\/wp-content\/uploads\/stiah\/lg\/emu.doc\" target=\"_blank\" rel=\"noreferrer noopener\">Sprievodn\u00e9 tla\u010divo pre overenie pohlavia emu \u2013 DOC<\/a><br><a href=\"https:\/\/pssr.sk\/wp-content\/uploads\/stiah\/lg\/vtaky.pdf\" target=\"_blank\" rel=\"noreferrer noopener\">Sprievodn\u00e9 tla\u010divo pre overenie pohlavia vt\u00e1kov \u2013 PDF<br><\/a><a href=\"https:\/\/pssr.sk\/wp-content\/uploads\/stiah\/lg\/vtaky.doc\" target=\"_blank\" rel=\"noreferrer noopener\">Sprievodn\u00e9 tla\u010divo pre overenie pohlavia vt\u00e1kov \u2013 DOC<\/a><br><a href=\"https:\/\/pssr.sk\/wp-content\/uploads\/stiah\/lg\/wffskone.pdf\" target=\"_blank\" rel=\"noreferrer noopener\">Sprievodn\u00e9 tla\u010divo pre detekciu WFFS kon\u00ed \u2013 PDF<br><\/a><a href=\"https:\/\/pssr.sk\/wp-content\/uploads\/stiah\/lg\/wffskone.doc\" target=\"_blank\" rel=\"noreferrer noopener\">Sprievodn\u00e9 tla\u010divo pre detekciu WFFS kon\u00ed \u2013 DOC<\/a><br><a href=\"https:\/\/pssr.sk\/wp-content\/uploads\/stiah\/lg\/beta_kazein.xlsx\" target=\"_blank\" rel=\"noreferrer noopener\">Sprievodn\u00e9 tla\u010divo ur\u010denie genotypu beta kaze\u00ednu (A2 mlieko)<br><\/a><a href=\"https:\/\/pssr.sk\/wp-content\/uploads\/stiah\/lg\/Objednavka_SNP_DNA_HD.xlsx\">Objedn\u00e1vkov\u00fd formul\u00e1r pre anal\u00fdzu SNP DNA testov hov\u00e4dzieho dobytka<\/a>\t\t\t\t<\/div>\n\t\t\t<\/div>\n\t\t\t\t<\/div>\n\n\t","protected":false},"excerpt":{"rendered":"","protected":false},"author":1,"featured_media":0,"parent":0,"menu_order":0,"comment_status":"closed","ping_status":"closed","template":"","meta":{"footnotes":""},"class_list":["post-379","page","type-page","status-publish","hentry"],"_links":{"self":[{"href":"http:\/\/web2.pssr.sk\/index.php\/wp-json\/wp\/v2\/pages\/379","targetHints":{"allow":["GET"]}}],"collection":[{"href":"http:\/\/web2.pssr.sk\/index.php\/wp-json\/wp\/v2\/pages"}],"about":[{"href":"http:\/\/web2.pssr.sk\/index.php\/wp-json\/wp\/v2\/types\/page"}],"author":[{"embeddable":true,"href":"http:\/\/web2.pssr.sk\/index.php\/wp-json\/wp\/v2\/users\/1"}],"replies":[{"embeddable":true,"href":"http:\/\/web2.pssr.sk\/index.php\/wp-json\/wp\/v2\/comments?post=379"}],"version-history":[{"count":1,"href":"http:\/\/web2.pssr.sk\/index.php\/wp-json\/wp\/v2\/pages\/379\/revisions"}],"predecessor-version":[{"id":380,"href":"http:\/\/web2.pssr.sk\/index.php\/wp-json\/wp\/v2\/pages\/379\/revisions\/380"}],"wp:attachment":[{"href":"http:\/\/web2.pssr.sk\/index.php\/wp-json\/wp\/v2\/media?parent=379"}],"curies":[{"name":"wp","href":"https:\/\/api.w.org\/{rel}","templated":true}]}}