{"id":375,"date":"2026-03-10T08:32:15","date_gmt":"2026-03-10T08:32:15","guid":{"rendered":"http:\/\/web2.pssr.sk\/?page_id=375"},"modified":"2026-03-10T08:34:48","modified_gmt":"2026-03-10T08:34:48","slug":"tlaciva-kontroly-uzitkovosti","status":"publish","type":"page","link":"http:\/\/web2.pssr.sk\/index.php\/sk\/tlaciva-kontroly-uzitkovosti\/","title":{"rendered":"Tla\u010div\u00e1 kontroly \u00fa\u017eitkovosti"},"content":{"rendered":"\n\t<div class=\"govuk-accordion\" data-module=\"idsk-accordion\" id=\"bTgILN45zErLLDiVd4MrJ\">\n\t\t<div class=\"govuk-accordion__controls\">\n\t\t\t<button class=\"govuk-accordion__open-all\"\n\t\t\t\tdata-open-title=\"Open all\"\n\t\t\t\tdata-close-title=\"Close all\"\n\t\t\t\ttype=\"button\"\n\t\t\t\taria-expanded=\"false\"\n\t\t\t>\n\t\t\t\t<span class=\"govuk-visually-hidden govuk-accordion__controls-span\" data-section-title=\"sections\"><\/span>\n\t\t\t<\/button>\n\t\t<\/div>\n\n\t\t\t\t\t<div class=\"govuk-accordion__section \">\n\t\t\t\t<div class=\"govuk-accordion__section-header\">\n\t\t\t\t\t<h2 class=\"govuk-accordion__section-heading\">\n\t\t\t\t\t\t<span class=\"govuk-accordion__section-button\" id=\"bTgILN45zErLLDiVd4MrJ-heading-1\">\n\t\t\t\t\t\t\t\u017diados\u0165 o pr\u00edstup k d\u00e1tam kontroly \u00fa\u017eitkovosti\t\t\t\t\t\t<\/span>\n\t\t\t\t\t<\/h2>\n\t\t\t\t\t<div class=\"govuk-accordion__section-summary govuk-body\" id=\"bTgILN45zErLLDiVd4MrJ-summary-1\">\n\t\t\t\t\t\t\t\t\t\t\t<\/div>\n\t\t\t\t<\/div>\n\t\t\t\t<div id=\"bTgILN45zErLLDiVd4MrJ-content-1\"\n\t\t\t\t\tclass=\"govuk-accordion__section-content\"\n\t\t\t\t\taria-labelledby=\"bTgILN45zErLLDiVd4MrJ-heading-1\"\n\t\t\t\t>\n\t\t\t\t\t<a href=\"https:\/\/pssr.sk\/wp-content\/uploads\/stiah\/ku\/PristupPLIS.doc\" target=\"_blank\" rel=\"noreferrer noopener\">Registra\u010dn\u00fd formul\u00e1r pre pr\u00edstup chovate\u013ea k d\u00e1tam Plemen\u00e1rskeho informa\u010dn\u00e9ho syst\u00e9mu<\/a><br><a href=\"https:\/\/pssr.sk\/wp-content\/uploads\/stiah\/ku\/Prehlasenie.pdf\" target=\"_blank\" rel=\"noreferrer noopener\">Prehl\u00e1senie<\/a><br><a href=\"https:\/\/pssr.sk\/wp-content\/uploads\/stiah\/ku\/PLIS_povolenie_pristup.docx\" target=\"_blank\" rel=\"noreferrer noopener\">Povolenie na pr\u00edstup k \u00fadajom po\u013enohospod\u00e1rskeho podniku<\/a>\t\t\t\t<\/div>\n\t\t\t<\/div>\n\t\t\t\t\t\t<div class=\"govuk-accordion__section \">\n\t\t\t\t<div class=\"govuk-accordion__section-header\">\n\t\t\t\t\t<h2 class=\"govuk-accordion__section-heading\">\n\t\t\t\t\t\t<span class=\"govuk-accordion__section-button\" id=\"bTgILN45zErLLDiVd4MrJ-heading-2\">\n\t\t\t\t\t\t\tTla\u010div\u00e1 K\u00da pre hov\u00e4dz\u00ed dobytok, ovce, kozy a o\u0161\u00edpan\u00e9\t\t\t\t\t\t<\/span>\n\t\t\t\t\t<\/h2>\n\t\t\t\t\t<div class=\"govuk-accordion__section-summary govuk-body\" id=\"bTgILN45zErLLDiVd4MrJ-summary-2\">\n\t\t\t\t\t\t\t\t\t\t\t<\/div>\n\t\t\t\t<\/div>\n\t\t\t\t<div id=\"bTgILN45zErLLDiVd4MrJ-content-2\"\n\t\t\t\t\tclass=\"govuk-accordion__section-content\"\n\t\t\t\t\taria-labelledby=\"bTgILN45zErLLDiVd4MrJ-heading-2\"\n\t\t\t\t>\n\t\t\t\t\t<a href=\"https:\/\/pssr.sk\/wp-content\/uploads\/stiah\/ku\/HD01.xls\" target=\"_blank\" rel=\"noreferrer noopener\">Menovka chovov \u2013 faktura\u010dn\u00e9 spojenie platite\u013ea<\/a><br><a href=\"https:\/\/pssr.sk\/wp-content\/uploads\/stiah\/ku\/Menovka chovov HD.xls\" target=\"_blank\" rel=\"noreferrer noopener\">Menovka chovov HD<\/a><br><a href=\"https:\/\/pssr.sk\/wp-content\/uploads\/stiah\/ku\/Menovka chovov oviec.docx\" target=\"_blank\" rel=\"noreferrer noopener\">Menovka chovov \u2013 st\u00e1d oviec<\/a><br><a href=\"https:\/\/pssr.sk\/wp-content\/uploads\/stiah\/ku\/Menovka chovov k\u00f4z.docx\" target=\"_blank\" rel=\"noreferrer noopener\">Menovka chovov \u2013 st\u00e1d k\u00f4z<\/a><br><a href=\"https:\/\/pssr.sk\/wp-content\/uploads\/stiah\/ku\/Menovka chovov o\u0161\u00edpan\u00fdch.docx\" target=\"_blank\" rel=\"noreferrer noopener\">Menovka chovov o\u0161\u00edpan\u00fdch<\/a><br><a href=\"https:\/\/pssr.sk\/wp-content\/uploads\/stiah\/ku\/Hlasenie rozdelenie na chove.xls\" target=\"_blank\" rel=\"noreferrer noopener\">Hl\u00e1senie rozdelenia v\u00fdkonov pre zootechnikov HD, Ov, Ko<\/a>\t\t\t\t<\/div>\n\t\t\t<\/div>\n\t\t\t\t\t\t<div class=\"govuk-accordion__section \">\n\t\t\t\t<div class=\"govuk-accordion__section-header\">\n\t\t\t\t\t<h2 class=\"govuk-accordion__section-heading\">\n\t\t\t\t\t\t<span class=\"govuk-accordion__section-button\" id=\"bTgILN45zErLLDiVd4MrJ-heading-3\">\n\t\t\t\t\t\t\tTla\u010div\u00e1 kontroly \u00fa\u017eitkovosti pre hov\u00e4dz\u00ed dobytok\t\t\t\t\t\t<\/span>\n\t\t\t\t\t<\/h2>\n\t\t\t\t\t<div class=\"govuk-accordion__section-summary govuk-body\" id=\"bTgILN45zErLLDiVd4MrJ-summary-3\">\n\t\t\t\t\t\t\t\t\t\t\t<\/div>\n\t\t\t\t<\/div>\n\t\t\t\t<div id=\"bTgILN45zErLLDiVd4MrJ-content-3\"\n\t\t\t\t\tclass=\"govuk-accordion__section-content\"\n\t\t\t\t\taria-labelledby=\"bTgILN45zErLLDiVd4MrJ-heading-3\"\n\t\t\t\t>\n\t\t\t\t\t<a href=\"https:\/\/pssr.sk\/wp-content\/uploads\/stiah\/ku\/HD-11 Mastalny zapisnik.xls\" target=\"_blank\" rel=\"noreferrer noopener\">Ma\u0161ta\u013en\u00fd z\u00e1pisn\u00edk<\/a><br><a href=\"https:\/\/pssr.sk\/wp-content\/uploads\/stiah\/ku\/HD-12 Oprava celozivotnej uzitkovosti.xls\" target=\"_blank\" rel=\"noreferrer noopener\">Oprava celo\u017eivotnej \u00fa\u017eitkovosti<\/a><br><a href=\"https:\/\/pssr.sk\/wp-content\/uploads\/stiah\/ku\/HD-17 Zberny doklad pre skusky dojitelnosti.xls\" target=\"_blank\" rel=\"noreferrer noopener\">Zbern\u00fd doklad pre sk\u00fa\u0161ky dojite\u013enosti<\/a>\t\t\t\t<\/div>\n\t\t\t<\/div>\n\t\t\t\t\t\t<div class=\"govuk-accordion__section \">\n\t\t\t\t<div class=\"govuk-accordion__section-header\">\n\t\t\t\t\t<h2 class=\"govuk-accordion__section-heading\">\n\t\t\t\t\t\t<span class=\"govuk-accordion__section-button\" id=\"bTgILN45zErLLDiVd4MrJ-heading-4\">\n\t\t\t\t\t\t\tTla\u010div\u00e1 reprodukcie pre hov\u00e4dz\u00ed dobytok\t\t\t\t\t\t<\/span>\n\t\t\t\t\t<\/h2>\n\t\t\t\t\t<div class=\"govuk-accordion__section-summary govuk-body\" id=\"bTgILN45zErLLDiVd4MrJ-summary-4\">\n\t\t\t\t\t\t\t\t\t\t\t<\/div>\n\t\t\t\t<\/div>\n\t\t\t\t<div id=\"bTgILN45zErLLDiVd4MrJ-content-4\"\n\t\t\t\t\tclass=\"govuk-accordion__section-content\"\n\t\t\t\t\taria-labelledby=\"bTgILN45zErLLDiVd4MrJ-heading-4\"\n\t\t\t\t>\n\t\t\t\t\t<a href=\"https:\/\/pssr.sk\/wp-content\/uploads\/stiah\/ku\/supis_embryotransferu.xls\" target=\"_blank\" rel=\"noreferrer noopener\">S\u00fapis Embryotransferu<\/a><br><a href=\"https:\/\/pssr.sk\/wp-content\/uploads\/stiah\/ku\/vykaz_inseminacie.xls\" target=\"_blank\" rel=\"noreferrer noopener\">V\u00fdkaz insemin\u00e1cie<\/a><br><a href=\"https:\/\/pssr.sk\/wp-content\/uploads\/stiah\/ku\/vykaz_oprav_inseminacie.xls\" target=\"_blank\" rel=\"noreferrer noopener\">V\u00fdkaz opr\u00e1v insemin\u00e1cie<\/a>\t\t\t\t<\/div>\n\t\t\t<\/div>\n\t\t\t\t\t\t<div class=\"govuk-accordion__section \">\n\t\t\t\t<div class=\"govuk-accordion__section-header\">\n\t\t\t\t\t<h2 class=\"govuk-accordion__section-heading\">\n\t\t\t\t\t\t<span class=\"govuk-accordion__section-button\" id=\"bTgILN45zErLLDiVd4MrJ-heading-5\">\n\t\t\t\t\t\t\tTla\u010div\u00e1 kontroly \u00fa\u017eitkovosti pre ovce a kozy\t\t\t\t\t\t<\/span>\n\t\t\t\t\t<\/h2>\n\t\t\t\t\t<div class=\"govuk-accordion__section-summary govuk-body\" id=\"bTgILN45zErLLDiVd4MrJ-summary-5\">\n\t\t\t\t\t\t\t\t\t\t\t<\/div>\n\t\t\t\t<\/div>\n\t\t\t\t<div id=\"bTgILN45zErLLDiVd4MrJ-content-5\"\n\t\t\t\t\tclass=\"govuk-accordion__section-content\"\n\t\t\t\t\taria-labelledby=\"bTgILN45zErLLDiVd4MrJ-heading-5\"\n\t\t\t\t>\n\t\t\t\t\t<a href=\"https:\/\/pssr.sk\/wp-content\/uploads\/stiah\/ku\/zaradenie barana a bahnice do ms.doc\" target=\"_blank\" rel=\"noreferrer noopener\">Zaradenie barana a bahnice do MS<\/a><br><a href=\"https:\/\/pssr.sk\/wp-content\/uploads\/stiah\/ku\/zaradenie capa a kozy do ms.doc\" target=\"_blank\" rel=\"noreferrer noopener\">Zaradenie capa a kozy do MS<\/a><br><a href=\"https:\/\/pssr.sk\/wp-content\/uploads\/stiah\/ku\/OV-010.xls\" target=\"_blank\" rel=\"noreferrer noopener\">Hl\u00e1senie o zaraden\u00ed, oprave, zru\u0161en\u00ed, vyraden\u00ed (\u010d.d. 010)<\/a><br><a href=\"https:\/\/pssr.sk\/wp-content\/uploads\/stiah\/ku\/OV-011.xls\" target=\"_blank\" rel=\"noreferrer noopener\">Hl\u00e1senie presunu \u2013 predaja (\u010d.d. 011)<\/a>\t\t\t\t<\/div>\n\t\t\t<\/div>\n\t\t\t\t\t\t<div class=\"govuk-accordion__section \">\n\t\t\t\t<div class=\"govuk-accordion__section-header\">\n\t\t\t\t\t<h2 class=\"govuk-accordion__section-heading\">\n\t\t\t\t\t\t<span class=\"govuk-accordion__section-button\" id=\"bTgILN45zErLLDiVd4MrJ-heading-6\">\n\t\t\t\t\t\t\tTla\u010div\u00e1 kontroly \u00fa\u017eitkovosti pre o\u0161\u00edpan\u00e9\t\t\t\t\t\t<\/span>\n\t\t\t\t\t<\/h2>\n\t\t\t\t\t<div class=\"govuk-accordion__section-summary govuk-body\" id=\"bTgILN45zErLLDiVd4MrJ-summary-6\">\n\t\t\t\t\t\t\t\t\t\t\t<\/div>\n\t\t\t\t<\/div>\n\t\t\t\t<div id=\"bTgILN45zErLLDiVd4MrJ-content-6\"\n\t\t\t\t\tclass=\"govuk-accordion__section-content\"\n\t\t\t\t\taria-labelledby=\"bTgILN45zErLLDiVd4MrJ-heading-6\"\n\t\t\t\t>\n\t\t\t\t\t<a href=\"https:\/\/pssr.sk\/wp-content\/uploads\/stiah\/ku\/OS-1 Zaradenie, oprava, vyradenie prasnic a kancov.xls\" target=\"_blank\" rel=\"noreferrer noopener\">Zaradenie, oprava, vyradenie prasn\u00edc a kancov<\/a><br><a href=\"https:\/\/pssr.sk\/wp-content\/uploads\/stiah\/ku\/OS-3 Vykaz inseminacie, zapustenia prasnic.xls\" target=\"_blank\" rel=\"noreferrer noopener\">V\u00fdkaz insemin\u00e1cie, zapustenia prasn\u00edc<\/a><br><a href=\"https:\/\/pssr.sk\/wp-content\/uploads\/stiah\/ku\/OS-4 Oprava oprasenia a odstavu.xls\" target=\"_blank\" rel=\"noreferrer noopener\">Oprava oprasenia a odstavu<\/a><br><a href=\"https:\/\/pssr.sk\/wp-content\/uploads\/stiah\/ku\/OS-5 Vykaz merania vlastnej uzitkovosti osipanych.xls\" target=\"_blank\" rel=\"noreferrer noopener\">V\u00fdkaz merania vlastnej \u00fa\u017eitkovosti o\u0161\u00edpan\u00fdch<\/a><br><a href=\"https:\/\/pssr.sk\/wp-content\/uploads\/stiah\/ku\/OS-6 Vykaz vykrmnosti a jatocnej hodnoty osipanych.xls\" target=\"_blank\" rel=\"noreferrer noopener\">V\u00fdkaz v\u00fdkrmnosti a jato\u010dnej hodnoty o\u0161\u00edpan\u00fdch<\/a><br><a href=\"https:\/\/pssr.sk\/wp-content\/uploads\/stiah\/ku\/OS-9EX Zaznam k presunu prasnic.xls\" target=\"_blank\" rel=\"noreferrer noopener\">Z\u00e1znam k presunu prasn\u00edc<\/a>\t\t\t\t<\/div>\n\t\t\t<\/div>\n\t\t\t\t<\/div>\n\n\t","protected":false},"excerpt":{"rendered":"","protected":false},"author":1,"featured_media":0,"parent":0,"menu_order":0,"comment_status":"closed","ping_status":"closed","template":"","meta":{"footnotes":""},"class_list":["post-375","page","type-page","status-publish","hentry"],"_links":{"self":[{"href":"http:\/\/web2.pssr.sk\/index.php\/wp-json\/wp\/v2\/pages\/375","targetHints":{"allow":["GET"]}}],"collection":[{"href":"http:\/\/web2.pssr.sk\/index.php\/wp-json\/wp\/v2\/pages"}],"about":[{"href":"http:\/\/web2.pssr.sk\/index.php\/wp-json\/wp\/v2\/types\/page"}],"author":[{"embeddable":true,"href":"http:\/\/web2.pssr.sk\/index.php\/wp-json\/wp\/v2\/users\/1"}],"replies":[{"embeddable":true,"href":"http:\/\/web2.pssr.sk\/index.php\/wp-json\/wp\/v2\/comments?post=375"}],"version-history":[{"count":2,"href":"http:\/\/web2.pssr.sk\/index.php\/wp-json\/wp\/v2\/pages\/375\/revisions"}],"predecessor-version":[{"id":378,"href":"http:\/\/web2.pssr.sk\/index.php\/wp-json\/wp\/v2\/pages\/375\/revisions\/378"}],"wp:attachment":[{"href":"http:\/\/web2.pssr.sk\/index.php\/wp-json\/wp\/v2\/media?parent=375"}],"curies":[{"name":"wp","href":"https:\/\/api.w.org\/{rel}","templated":true}]}}