{"id":294,"date":"2026-03-09T17:28:13","date_gmt":"2026-03-09T17:28:13","guid":{"rendered":"http:\/\/web2.pssr.sk\/?page_id=294"},"modified":"2026-03-09T17:37:22","modified_gmt":"2026-03-09T17:37:22","slug":"zmluvy","status":"publish","type":"page","link":"http:\/\/web2.pssr.sk\/index.php\/sk\/zmluvy\/","title":{"rendered":"Zmluvy"},"content":{"rendered":"\n<div class=\"govuk-inset-text\">\n        <h2 class=\"govuk-heading-m\">Zmluvy od roku 2011 zverej\u0148ujeme v Centr\u00e1lnom registri zml\u00fav \u00daradu vl\u00e1dy SR<\/h2>\n        <a href=\"https:\/\/www.crz.gov.sk\/\" class=\"govuk-button\" target=\"_blank\" rel=\"noopener noreferrer\">Vst\u00fapi\u0165<\/a>\n      <\/div>\n\n\n\n\t<details class=\"govuk-details\" data-module=\"govuk-details\">\n\t\t<summary class=\"govuk-details__summary\">\n\t\t\t<span class=\"govuk-details__summary-text\">\n\t\t\t\tZmluvy platn\u00e9 a \u00fa\u010dinn\u00e9 k 9. j\u00falu 2010 vr\u00e1tane viazan\u00fdch rozpo\u010dtov\u00fdch prostriedkov na ich plnenie v II. polroku 2010\t\t\t<\/span>\n\t\t<\/summary>\n\t\t<div class=\"govuk-details__text\">\n\t\t\t<a href=\"https:\/\/pssr.sk\/org\/zmluvy\/Zmluvy_platne_a_ucinne_k_9_julu_2010.xlsx\">Stiahnu\u0165<\/a>\t\t<\/div>\n\t<\/details>\n\n\t\n\n\n\t<details class=\"govuk-details\" data-module=\"govuk-details\">\n\t\t<summary class=\"govuk-details__summary\">\n\t\t\t<span class=\"govuk-details__summary-text\">\n\t\t\t\tZmluvy, ktor\u00fdch platnos\u0165 skon\u010dila v obdob\u00ed do 9. j\u00fala 2010\t\t\t<\/span>\n\t\t<\/summary>\n\t\t<div class=\"govuk-details__text\">\n\t\t\t<a href=\"https:\/\/pssr.sk\/org\/zmluvy\/Zmluvy_ktorych_platnost_skoncila_v_obdobi_do_9_jula_2010.xlsx\">Stiahnu\u0165<\/a>\t\t<\/div>\n\t<\/details>\n\n\t\n\n\n\t<details class=\"govuk-details\" data-module=\"govuk-details\">\n\t\t<summary class=\"govuk-details__summary\">\n\t\t\t<span class=\"govuk-details__summary-text\">\n\t\t\t\tZmluvy nad 500 tis. SKK od roku 2000 do roku 2005\t\t\t<\/span>\n\t\t<\/summary>\n\t\t<div class=\"govuk-details__text\">\n\t\t\t<a href=\"https:\/\/pssr.sk\/org\/zmluvy\/Zmluvy_nad_500tisic_od_roku_2000_do_roku_2005.xlsx\">Stiahnu\u0165<\/a>\t\t<\/div>\n\t<\/details>\n\n\t","protected":false},"excerpt":{"rendered":"<p>Zmluvy od roku 2011 zverej\u0148ujeme v Centr\u00e1lnom registri zml\u00fav \u00daradu vl\u00e1dy SR Vst\u00fapi\u0165<\/p>\n","protected":false},"author":1,"featured_media":0,"parent":0,"menu_order":0,"comment_status":"closed","ping_status":"closed","template":"","meta":{"footnotes":""},"class_list":["post-294","page","type-page","status-publish","hentry"],"_links":{"self":[{"href":"http:\/\/web2.pssr.sk\/index.php\/wp-json\/wp\/v2\/pages\/294","targetHints":{"allow":["GET"]}}],"collection":[{"href":"http:\/\/web2.pssr.sk\/index.php\/wp-json\/wp\/v2\/pages"}],"about":[{"href":"http:\/\/web2.pssr.sk\/index.php\/wp-json\/wp\/v2\/types\/page"}],"author":[{"embeddable":true,"href":"http:\/\/web2.pssr.sk\/index.php\/wp-json\/wp\/v2\/users\/1"}],"replies":[{"embeddable":true,"href":"http:\/\/web2.pssr.sk\/index.php\/wp-json\/wp\/v2\/comments?post=294"}],"version-history":[{"count":4,"href":"http:\/\/web2.pssr.sk\/index.php\/wp-json\/wp\/v2\/pages\/294\/revisions"}],"predecessor-version":[{"id":300,"href":"http:\/\/web2.pssr.sk\/index.php\/wp-json\/wp\/v2\/pages\/294\/revisions\/300"}],"wp:attachment":[{"href":"http:\/\/web2.pssr.sk\/index.php\/wp-json\/wp\/v2\/media?parent=294"}],"curies":[{"name":"wp","href":"https:\/\/api.w.org\/{rel}","templated":true}]}}