{"id":175,"date":"2026-03-09T10:24:35","date_gmt":"2026-03-09T10:24:35","guid":{"rendered":"http:\/\/web2.pssr.sk\/?page_id=175"},"modified":"2026-04-09T11:54:41","modified_gmt":"2026-04-09T11:54:41","slug":"centralne-laboratorium-rozboru-mlieka","status":"publish","type":"page","link":"http:\/\/web2.pssr.sk\/index.php\/sk\/centralne-laboratorium-rozboru-mlieka\/","title":{"rendered":"Centr\u00e1lne laborat\u00f3rium rozboru mlieka"},"content":{"rendered":"\n<h2 class=\"wp-block-heading\">Pon\u00fakame nasledovn\u00e9 druhy sk\u00fa\u0161ok:<\/h2>\n\n\n\n<p><strong>Kravsk\u00e9 mlieko<\/strong> \u2013 tuk, bielkoviny, lakt\u00f3za, po\u010det somatick\u00fdch buniek, mo\u010dovina, ketol\u00e1tky, laktofer\u00edn<br><strong>Ov\u010die mlieko<\/strong> \u2013 tuk, bielkoviny, lakt\u00f3za, po\u010det somatick\u00fdch buniek,<br><strong>Kozie mlieko<\/strong> \u2013 tuk, bielkoviny, lakt\u00f3za, po\u010det somatick\u00fdch buniek,<\/p>\n\n\n\n<p>Centr\u00e1lne laborat\u00f3rium rozboru mlieka (CLRM) je akreditovan\u00e9 od roku 2000 \u2013 od 17.11.2000 \u2013 registra\u010dn\u00e9 \u010d\u00edslo<strong> S003<\/strong>.<br>CLRM od apr\u00edla 2021 zmenilo dod\u00e1vate\u013ea kalibra\u010dn\u00fdch vzoriek na OVCE, s cie\u013eom zapoji\u0165 sa do medzin\u00e1rodn\u00e9ho kruhov\u00e9ho testu a t\u00fdm zv\u00fd\u0161i\u0165 kvalitu rozborov.<\/p>\n\n\n\n<div class=\"wp-block-columns is-layout-flex wp-container-core-columns-is-layout-9d6595d7 wp-block-columns-is-layout-flex\">\n<div class=\"wp-block-column is-layout-flow wp-block-column-is-layout-flow\" style=\"flex-basis:66.66%\">\n<h2 class=\"wp-block-heading\">CLRM na medzin\u00e1rodn\u00fdch sk\u00fa\u0161kach sp\u00f4sobilosti<\/h2>\n\n\n\n<ul class=\"wp-block-list\">\n<li>CLRM sa pravidelne z\u00fa\u010dast\u0148uje Medzin\u00e1rodn\u00fdch sk\u00fa\u0161ok sp\u00f4sobilosti (MSS)<\/li>\n\n\n\n<li>MSS sa z\u00fa\u010dast\u0148uj\u00fa laborat\u00f3ri\u00e1 z cel\u00e9ho sveta. V t\u00fdchto testoch dost\u00e1va ka\u017ed\u00e9 laborat\u00f3rium rovnak\u00fa sadu vzoriek s nezn\u00e1mymi hodnotami obsahu tuku, bielkov\u00edn, lakt\u00f3zy, mo\u010doviny a po\u010dtom SB vo vzorke. Ka\u017ed\u00e1 vzorka sa \u0161tandardn\u00fdm postupom odmeria a nameran\u00e9 hodnoty sa po\u0161l\u00fa na vyhodnotenie a \u0161tatistick\u00e9 spracovanie.<\/li>\n\n\n\n<li>V MSS sa vyhodnocuje opakovate\u013enos\u0165 a&nbsp;presnos\u0165 merania. Organiz\u00e1tor sk\u00fa\u0161ok vypo\u010d\u00edta ka\u017ed\u00e9mu laborat\u00f3riu Z-sk\u00f3re pre meranie jednotliv\u00fdch vzoriek.<\/li>\n\n\n\n<li>Ak Z-sk\u00f3re men\u0161ie alebo sa rovn\u00e1 \u00b1 2 v\u00fdsledky s\u00fa vyhovuj\u00face. Ak je Z-sk\u00f3re v\u00e4\u010d\u0161ie ako \u00b1 2 ale men\u0161ie ako \u00b1 3 s\u00fa e\u0161te v\u00fdsledky akceptovate\u013en\u00e9, ale laborat\u00f3rium mus\u00ed sk\u00fama\u0165, pre\u010do vznikol tak\u00fdto v\u00fdsledok.<\/li>\n\n\n\n<li>Ak je Z- sk\u00f3re v\u00e4\u010d\u0161ie ako \u00b1 3 v\u00fdsledky s\u00fa neakceptovate\u013en\u00e9 a&nbsp;je potrebn\u00e9 d\u00f4kladne vyhodnoti\u0165, pre\u010do m\u00e1 laborat\u00f3rium neakceptovate\u013en\u00e9 v\u00fdsledky<\/li>\n<\/ul>\n\n\n\n<p><br><a href=\"https:\/\/pssr.sk\/wp-content\/uploads\/ac\/Kruhove_testy_ovce.pdf\" target=\"_blank\" rel=\"noreferrer noopener\">Z-sk\u00f3re ov\u010dieho mlieka v medzin\u00e1rodn\u00fdch testoch v Z\u00e1hrebe 2024<\/a><br><a href=\"https:\/\/pssr.sk\/wp-content\/uploads\/ac\/somatic_2022.pdf\" target=\"_blank\" rel=\"noreferrer noopener\">V\u00fdsledky Z-sk\u00f3re CLRM v medzin\u00e1rodnom kruhovom teste v ACTALIA Cecalait \u2013 somatick\u00e9 bunky<\/a><br><a href=\"https:\/\/pssr.sk\/wp-content\/uploads\/ac\/Z_skore_ICAR_2024.pdf\" target=\"_blank\" rel=\"noreferrer noopener\">V\u00fdsledky Z-sk\u00f3re CLRM v medzin\u00e1rodnom kruhovom teste v ICARe 2024<\/a><\/p>\n<\/div>\n\n\n\n<div class=\"wp-block-column is-layout-flow wp-block-column-is-layout-flow\" style=\"flex-basis:33.33%\">\n\t<hr class=\"idsk-hr-separator govuk-!-margin-bottom-6\" \/>\n\n\t\n\n\n<p><strong>Ing. Eva Benkeiov\u00e1<\/strong><br>Ved\u00faca \u00fatvaru CLRM<br>Rosinsk\u00e1 cesta 12<br>010 08 \u017dilina<\/p>\n\n\n\n<p><a href=\"tel:+421415073733\">+421 41 5073 733<\/a><br><a href=\"tel:+421905636482\">+421 905 636 482<\/a><br><a href=\"mailto:evabenkeiova@pssr.sk\">evabenkeiova@pssr.sk<\/a><br><\/p>\n<\/div>\n<\/div>\n\n\n\n<hr class=\"wp-block-separator has-alpha-channel-opacity\"\/>\n\n\n\n<p><a href=\"https:\/\/pssr.sk\/wp-content\/uploads\/ac\/SNASza.pdf\" target=\"_blank\" rel=\"noreferrer noopener\">Osved\u010denie o akredit\u00e1cii<\/a><br><a href=\"https:\/\/pssr.sk\/wp-content\/uploads\/ac\/Metodika_ketolatky.pdf\" target=\"_blank\" rel=\"noreferrer noopener\">Metodika ku keto l\u00e1tkam<\/a><br><a href=\"https:\/\/pssr.sk\/wp-content\/uploads\/ac\/Neistoty_merania.pdf\" target=\"_blank\" rel=\"noreferrer noopener\">Stanovenie neistoty merania<\/a><br><a href=\"http:\/\/pssr.sk\/wp-content\/uploads\/ac\/CLRM_dotaznik.doc\">Prieskum spokojnosti a potrieb z\u00e1kazn\u00edkov CLRM<\/a><br><a href=\"\/wp-content\/uploads\/ac\/Sprievodny_list_pre_detekciu_povodcov_mastitid.pdf\">Sprievodn\u00e9 tla\u010divo pre detekciu p\u00f4vodcov mastit\u00edd<\/a><\/p>\n\n\n\n<p><\/p>\n","protected":false},"excerpt":{"rendered":"<p>Pon\u00fakame nasledovn\u00e9 druhy sk\u00fa\u0161ok: Kravsk\u00e9 mlieko \u2013 tuk, bielkoviny, lakt\u00f3za, po\u010det somatick\u00fdch buniek, mo\u010dovina, ketol\u00e1tky, laktofer\u00ednOv\u010die mlieko \u2013 tuk, bielkoviny, lakt\u00f3za, po\u010det somatick\u00fdch buniek,Kozie mlieko \u2013 tuk, bielkoviny, lakt\u00f3za, po\u010det somatick\u00fdch buniek, Centr\u00e1lne laborat\u00f3rium rozboru mlieka (CLRM) je akreditovan\u00e9 od roku 2000 \u2013 od 17.11.2000 \u2013 registra\u010dn\u00e9 \u010d\u00edslo S003.CLRM od apr\u00edla 2021 zmenilo dod\u00e1vate\u013ea kalibra\u010dn\u00fdch&#8230;<\/p>\n","protected":false},"author":1,"featured_media":0,"parent":0,"menu_order":0,"comment_status":"closed","ping_status":"closed","template":"","meta":{"footnotes":""},"class_list":["post-175","page","type-page","status-publish","hentry"],"_links":{"self":[{"href":"http:\/\/web2.pssr.sk\/index.php\/wp-json\/wp\/v2\/pages\/175","targetHints":{"allow":["GET"]}}],"collection":[{"href":"http:\/\/web2.pssr.sk\/index.php\/wp-json\/wp\/v2\/pages"}],"about":[{"href":"http:\/\/web2.pssr.sk\/index.php\/wp-json\/wp\/v2\/types\/page"}],"author":[{"embeddable":true,"href":"http:\/\/web2.pssr.sk\/index.php\/wp-json\/wp\/v2\/users\/1"}],"replies":[{"embeddable":true,"href":"http:\/\/web2.pssr.sk\/index.php\/wp-json\/wp\/v2\/comments?post=175"}],"version-history":[{"count":6,"href":"http:\/\/web2.pssr.sk\/index.php\/wp-json\/wp\/v2\/pages\/175\/revisions"}],"predecessor-version":[{"id":1102,"href":"http:\/\/web2.pssr.sk\/index.php\/wp-json\/wp\/v2\/pages\/175\/revisions\/1102"}],"wp:attachment":[{"href":"http:\/\/web2.pssr.sk\/index.php\/wp-json\/wp\/v2\/media?parent=175"}],"curies":[{"name":"wp","href":"https:\/\/api.w.org\/{rel}","templated":true}]}}