{"id":1219,"date":"2026-04-20T06:01:36","date_gmt":"2026-04-20T06:01:36","guid":{"rendered":"http:\/\/web2.pssr.sk\/?page_id=1219"},"modified":"2026-04-20T06:05:57","modified_gmt":"2026-04-20T06:05:57","slug":"medzinarodne-geneticke-hodnotenie-v-centre-interbull","status":"publish","type":"page","link":"http:\/\/web2.pssr.sk\/index.php\/sk\/medzinarodne-geneticke-hodnotenie-v-centre-interbull\/","title":{"rendered":"Medzin\u00e1rodn\u00e9 genetick\u00e9 hodnotenie v centre INTERBULL"},"content":{"rendered":"\n<h2 class=\"wp-block-heading\">Medzin\u00e1rodn\u00e9 genetick\u00e9 hodnotenie v centre INTERBULL<\/h2>\n\n\n\n<p>Interbull vznikol v roku 1983 ako spolo\u010dn\u00e1 organiz\u00e1cia ICAR, European Association for Animal Production (EAAP) and the International Dairy Federation (IDF).Obchod so spermou, embryami si vy\u017eadoval presn\u00e9 porovnata\u013en\u00e9 hodnotenia medzi zvieratami, najm\u00e4 b\u00fdkmi, ktor\u00e9 sa vykon\u00e1vaj\u00fa vn\u00fatri a najm\u00e4 medzi jednotliv\u00fdmi krajinami. Medzin\u00e1rodn\u00e9 v\u00fdmeny inform\u00e1ci\u00ed poskytnut\u00fdch Interbullom pomahaj\u00fa \u010dlensk\u00fdm krajin\u00e1m, aby boli vyvinut\u00e9 \u00fa\u010dinn\u00e9 met\u00f3dy genetick\u00e9 hodnotenie hov\u00e4dzieho dobytka. V roku 2008 sme prv\u00fdkr\u00e1t zaslali na\u0161e n\u00e1rodn\u00e9 genetick\u00e9 hodnotenie holsteinskej a siment\u00e1lskej popul\u00e1cie do medzin\u00e1rodn\u00e9ho hodnotenia v centre INTERBULL.<\/p>\n\n\n\n<p><a href=\"https:\/\/pssr.sk\/wp-content\/uploads\/ku\/subory\/hd\/PSSR_interbull.pdf\">Slovensk\u00e1 republika sa stala s\u00fa\u010das\u0165ou medzin\u00e1rodn\u00e9ho genetick\u00e9ho hodnotenia Interbull<\/a><\/p>\n\n\n\n<div class=\"govuk-inset-text\">\n        <h2 class=\"govuk-heading-m\">V\u00fdsledky medzin\u00e1rodn\u00e9ho genetick\u00e9ho hodnotenia poskytuje plemen\u00e1rsky informa\u010dn\u00fd syst\u00e9m &#8211; PLIS<\/h2>\n        <a href=\"https:\/\/www.plis.sk\" class=\"govuk-button\" target=\"_blank\" rel=\"noopener noreferrer\">Vst\u00fapi\u0165<\/a>\n      <\/div>\n","protected":false},"excerpt":{"rendered":"<p>Medzin\u00e1rodn\u00e9 genetick\u00e9 hodnotenie v centre INTERBULL Interbull vznikol v roku 1983 ako spolo\u010dn\u00e1 organiz\u00e1cia ICAR, European Association for Animal Production (EAAP) and the International Dairy Federation (IDF).Obchod so spermou, embryami si vy\u017eadoval presn\u00e9 porovnata\u013en\u00e9 hodnotenia medzi zvieratami, najm\u00e4 b\u00fdkmi, ktor\u00e9 sa vykon\u00e1vaj\u00fa vn\u00fatri a najm\u00e4 medzi jednotliv\u00fdmi krajinami. Medzin\u00e1rodn\u00e9 v\u00fdmeny inform\u00e1ci\u00ed poskytnut\u00fdch Interbullom pomahaj\u00fa \u010dlensk\u00fdm&#8230;<\/p>\n","protected":false},"author":1,"featured_media":0,"parent":0,"menu_order":0,"comment_status":"closed","ping_status":"closed","template":"","meta":{"footnotes":""},"class_list":["post-1219","page","type-page","status-publish","hentry"],"_links":{"self":[{"href":"http:\/\/web2.pssr.sk\/index.php\/wp-json\/wp\/v2\/pages\/1219","targetHints":{"allow":["GET"]}}],"collection":[{"href":"http:\/\/web2.pssr.sk\/index.php\/wp-json\/wp\/v2\/pages"}],"about":[{"href":"http:\/\/web2.pssr.sk\/index.php\/wp-json\/wp\/v2\/types\/page"}],"author":[{"embeddable":true,"href":"http:\/\/web2.pssr.sk\/index.php\/wp-json\/wp\/v2\/users\/1"}],"replies":[{"embeddable":true,"href":"http:\/\/web2.pssr.sk\/index.php\/wp-json\/wp\/v2\/comments?post=1219"}],"version-history":[{"count":3,"href":"http:\/\/web2.pssr.sk\/index.php\/wp-json\/wp\/v2\/pages\/1219\/revisions"}],"predecessor-version":[{"id":1222,"href":"http:\/\/web2.pssr.sk\/index.php\/wp-json\/wp\/v2\/pages\/1219\/revisions\/1222"}],"wp:attachment":[{"href":"http:\/\/web2.pssr.sk\/index.php\/wp-json\/wp\/v2\/media?parent=1219"}],"curies":[{"name":"wp","href":"https:\/\/api.w.org\/{rel}","templated":true}]}}