{"id":107,"date":"2026-03-07T20:19:29","date_gmt":"2026-03-07T20:19:29","guid":{"rendered":"http:\/\/web2.pssr.sk\/?page_id=107"},"modified":"2026-04-15T12:07:31","modified_gmt":"2026-04-15T12:07:31","slug":"osipane","status":"publish","type":"page","link":"http:\/\/web2.pssr.sk\/index.php\/sk\/osipane\/","title":{"rendered":"O\u0161\u00edpan\u00e9"},"content":{"rendered":"\n<h2 class=\"wp-block-heading\">Predmet v\u00fdkonu a sprac\u00favanie \u00fadajov kontroly \u00fa\u017eitkovosti<\/h2>\n\n\n\n<p>Kontrola \u00fa\u017eitkovosti (K\u00da) I. stup\u0148a sa vykon\u00e1va v \u0161\u013eachtite\u013esk\u00fdch a rozmno\u017eovac\u00edch chovoch a jej z\u00e1kladom je:<\/p>\n\n\n\n<ul class=\"wp-block-list\">\n<li>kontrola reproduk\u010dn\u00fdch vlastnost\u00ed prasn\u00edc a kancov<\/li>\n\n\n\n<li>kontrola matersk\u00fdch vlastnost\u00ed prasn\u00edc<\/li>\n\n\n\n<li>v\u00fdkon sk\u00fa\u0161ok vlastnej \u00fa\u017eitkovosti a stanovenie ukazovate\u013eov vlastnej \u00fa\u017eitkovosti<\/li>\n<\/ul>\n\n\n\n<p>K\u00da II. stup\u0148a sa vykon\u00e1va v \u00fa\u017eitkov\u00fdch chovoch na \u017eiados\u0165 chovate\u013ea.<br>V\u00fdber jedincov do plemenitby od ich narodenia, cez sk\u00fa\u0161ky vlastnej \u00fa\u017eitkovosti, n\u00e1kupn\u00e9 trhy a\u017e po zaradenie do plemenitby je riaden\u00fd softv\u00e9rovo t\u00fdm, \u017ee od prvotn\u00e9ho zaradenia jedincov do datab\u00e1zy s\u00fa t\u00edto monitorovan\u00ed a v ka\u017edej ich v\u00fdvojovej etape s\u00fa vytv\u00e1ran\u00e9 sign\u00e1lne reporty pre nahl\u00e1senie v\u00fdsledkov tej, ktorej hodnotiacej etapy ich v\u00fdvoja.<\/p>\n\n\n\n<h2 class=\"wp-block-heading\">Distrib\u00facia v\u00fdsledkov K\u00da a genetick\u00e9ho hodnotenia<\/h2>\n\n\n\n<p>V\u00fdsledky K\u00da, genetick\u00e9ho hodnotenia o\u0161\u00edpan\u00fdch ako aj v\u0161etky podklady potrebn\u00e9 pre riadenie chovu o\u0161\u00edpan\u00fdch s\u00fa elektronicky pr\u00edstupn\u00e9 a poskytovan\u00e9 chovate\u013eskej verejnosti, vedecko-vzdel\u00e1vac\u00edm in\u0161tit\u00faci\u00e1m.<\/p>\n\n\n\n\n\n<hr class=\"wp-block-separator has-alpha-channel-opacity\"\/>\n\n\n\n<div class=\"wp-block-columns is-layout-flex wp-container-core-columns-is-layout-9d6595d7 wp-block-columns-is-layout-flex\">\n<div class=\"wp-block-column is-layout-flow wp-block-column-is-layout-flow\" style=\"flex-basis:66.66%\">\n<p><a href=\"https:\/\/pssr.sk\/index.php\/sk\/publikacna-cinnost\/\" target=\"_blank\" rel=\"noreferrer noopener\">Publikovan\u00e9 v\u00fdsledky K\u00daO\u0160 za roky<\/a><br><a href=\"\/index.php\/geneticke-hodnotenie-osipane\/\">Genetick\u00e9 hodnotenie<\/a><br><a href=\"https:\/\/pssr.sk\/wp-content\/uploads\/docs\/Zasady_ASD_OS.pdf\" target=\"_blank\" rel=\"noreferrer noopener\">Z\u00e1sady automatizovan\u00e9ho spracovania d\u00e1t z chovu o\u0161\u00edpan\u00fdch<\/a><br><a href=\"\/index.php\/katalogy-osipane\/\">Katal\u00f3gy<\/a><\/p>\n<\/div>\n\n\n\n<div class=\"wp-block-column is-layout-flow wp-block-column-is-layout-flow\" style=\"flex-basis:33.33%\">\n<p><a href=\"\/index.php\/na-stiahnutie\/\">Program K\u00da pre chovate\u013ea<\/a><br><a href=\"\/index.php\/tlaciva-kontroly-uzitkovosti\/\">Tla\u010div\u00e1 K\u00da<\/a><br><a href=\"\/index.php\/tlaciva-kontroly-uzitkovosti\/\">\u017diadosti o pr\u00edstup k d\u00e1tam K\u00da<\/a><\/p>\n<\/div>\n<\/div>\n\n\n\n<p><\/p>\n","protected":false},"excerpt":{"rendered":"<p>Predmet v\u00fdkonu a sprac\u00favanie \u00fadajov kontroly \u00fa\u017eitkovosti Kontrola \u00fa\u017eitkovosti (K\u00da) I. stup\u0148a sa vykon\u00e1va v \u0161\u013eachtite\u013esk\u00fdch a rozmno\u017eovac\u00edch chovoch a jej z\u00e1kladom je: K\u00da II. stup\u0148a sa vykon\u00e1va v \u00fa\u017eitkov\u00fdch chovoch na \u017eiados\u0165 chovate\u013ea.V\u00fdber jedincov do plemenitby od ich narodenia, cez sk\u00fa\u0161ky vlastnej \u00fa\u017eitkovosti, n\u00e1kupn\u00e9 trhy a\u017e po zaradenie do plemenitby je riaden\u00fd softv\u00e9rovo t\u00fdm,&#8230;<\/p>\n","protected":false},"author":1,"featured_media":0,"parent":0,"menu_order":0,"comment_status":"closed","ping_status":"closed","template":"","meta":{"footnotes":""},"class_list":["post-107","page","type-page","status-publish","hentry"],"_links":{"self":[{"href":"http:\/\/web2.pssr.sk\/index.php\/wp-json\/wp\/v2\/pages\/107","targetHints":{"allow":["GET"]}}],"collection":[{"href":"http:\/\/web2.pssr.sk\/index.php\/wp-json\/wp\/v2\/pages"}],"about":[{"href":"http:\/\/web2.pssr.sk\/index.php\/wp-json\/wp\/v2\/types\/page"}],"author":[{"embeddable":true,"href":"http:\/\/web2.pssr.sk\/index.php\/wp-json\/wp\/v2\/users\/1"}],"replies":[{"embeddable":true,"href":"http:\/\/web2.pssr.sk\/index.php\/wp-json\/wp\/v2\/comments?post=107"}],"version-history":[{"count":9,"href":"http:\/\/web2.pssr.sk\/index.php\/wp-json\/wp\/v2\/pages\/107\/revisions"}],"predecessor-version":[{"id":1163,"href":"http:\/\/web2.pssr.sk\/index.php\/wp-json\/wp\/v2\/pages\/107\/revisions\/1163"}],"wp:attachment":[{"href":"http:\/\/web2.pssr.sk\/index.php\/wp-json\/wp\/v2\/media?parent=107"}],"curies":[{"name":"wp","href":"https:\/\/api.w.org\/{rel}","templated":true}]}}